{"id":533,"date":"2020-06-19T07:46:11","date_gmt":"2020-06-19T07:46:11","guid":{"rendered":"http:\/\/www.jkcarsteam.com\/?page_id=533"},"modified":"2020-06-19T07:51:28","modified_gmt":"2020-06-19T07:51:28","slug":"1-zavod-2020","status":"publish","type":"page","link":"https:\/\/www.jkcarsteam.com\/?page_id=533","title":{"rendered":"1. Z\u00e1vod 2020"},"content":{"rendered":"\n<h4 class=\"wp-block-heading\">Pro zaj\u00edmavost :  Za cel\u00fd den v\u0161ichni jezdci najezdili dohromady 1135km !<\/h4>\n\n\n\n<div class=\"wp-block-file\"><a href=\"https:\/\/www.jkcarsteam.com\/wp-content\/uploads\/2020\/06\/Celkov\u00e9-v\u00fdsledky-1.RCHOBBYRACING-2020.pdf\">Celkov\u00e9-v\u00fdsledky-1.RCHOBBYRACING-2020<\/a><a href=\"https:\/\/www.jkcarsteam.com\/wp-content\/uploads\/2020\/06\/Celkov\u00e9-v\u00fdsledky-1.RCHOBBYRACING-2020.pdf\" class=\"wp-block-file__button\" download>St\u00e1hnout<\/a><\/div>\n\n\n\n<div class=\"wp-block-file\"><a href=\"https:\/\/www.jkcarsteam.com\/wp-content\/uploads\/2020\/06\/Finale-E8-A-1.html\">Finale-E8-A-1<\/a><a href=\"https:\/\/www.jkcarsteam.com\/wp-content\/uploads\/2020\/06\/Finale-E8-A-1.html\" class=\"wp-block-file__button\" download>St\u00e1hnout<\/a><\/div>\n\n\n\n<div class=\"wp-block-file\"><a href=\"https:\/\/www.jkcarsteam.com\/wp-content\/uploads\/2020\/06\/Finale-E8-A-2.html\">Finale-E8-A-2<\/a><a href=\"https:\/\/www.jkcarsteam.com\/wp-content\/uploads\/2020\/06\/Finale-E8-A-2.html\" class=\"wp-block-file__button\" download>St\u00e1hnout<\/a><\/div>\n\n\n\n<div class=\"wp-block-file\"><a href=\"https:\/\/www.jkcarsteam.com\/wp-content\/uploads\/2020\/06\/Finale-E8-A-3.html\">Finale-E8-A-3<\/a><a href=\"https:\/\/www.jkcarsteam.com\/wp-content\/uploads\/2020\/06\/Finale-E8-A-3.html\" class=\"wp-block-file__button\" download>St\u00e1hnout<\/a><\/div>\n\n\n\n<div class=\"wp-block-file\"><a href=\"https:\/\/www.jkcarsteam.com\/wp-content\/uploads\/2020\/06\/Finale-E8-B-1.html\">Finale-E8-B-1<\/a><a href=\"https:\/\/www.jkcarsteam.com\/wp-content\/uploads\/2020\/06\/Finale-E8-B-1.html\" class=\"wp-block-file__button\" download>St\u00e1hnout<\/a><\/div>\n\n\n\n<div class=\"wp-block-file\"><a href=\"https:\/\/www.jkcarsteam.com\/wp-content\/uploads\/2020\/06\/Finale-E8-B-2.html\">Finale-E8-B-2<\/a><a href=\"https:\/\/www.jkcarsteam.com\/wp-content\/uploads\/2020\/06\/Finale-E8-B-2.html\" class=\"wp-block-file__button\" download>St\u00e1hnout<\/a><\/div>\n\n\n\n<div class=\"wp-block-file\"><a href=\"https:\/\/www.jkcarsteam.com\/wp-content\/uploads\/2020\/06\/Finale-E8-B-3.html\">Finale-E8-B-3<\/a><a href=\"https:\/\/www.jkcarsteam.com\/wp-content\/uploads\/2020\/06\/Finale-E8-B-3.html\" class=\"wp-block-file__button\" download>St\u00e1hnout<\/a><\/div>\n\n\n\n<div class=\"wp-block-file\"><a href=\"https:\/\/www.jkcarsteam.com\/wp-content\/uploads\/2020\/06\/Finale-E10-A-1.html\">Finale-E10-A-1<\/a><a href=\"https:\/\/www.jkcarsteam.com\/wp-content\/uploads\/2020\/06\/Finale-E10-A-1.html\" class=\"wp-block-file__button\" download>St\u00e1hnout<\/a><\/div>\n\n\n\n<div class=\"wp-block-file\"><a href=\"https:\/\/www.jkcarsteam.com\/wp-content\/uploads\/2020\/06\/Finale-E10-A-2.html\">Finale-E10-A-2<\/a><a href=\"https:\/\/www.jkcarsteam.com\/wp-content\/uploads\/2020\/06\/Finale-E10-A-2.html\" class=\"wp-block-file__button\" download>St\u00e1hnout<\/a><\/div>\n\n\n\n<div class=\"wp-block-file\"><a href=\"https:\/\/www.jkcarsteam.com\/wp-content\/uploads\/2020\/06\/Finale-E10-A-3.html\">Finale-E10-A-3<\/a><a href=\"https:\/\/www.jkcarsteam.com\/wp-content\/uploads\/2020\/06\/Finale-E10-A-3.html\" class=\"wp-block-file__button\" download>St\u00e1hnout<\/a><\/div>\n\n\n\n<div class=\"wp-block-file\"><a href=\"https:\/\/www.jkcarsteam.com\/wp-content\/uploads\/2020\/06\/Finale-E10-B-1.html\">Finale-E10-B-1<\/a><a href=\"https:\/\/www.jkcarsteam.com\/wp-content\/uploads\/2020\/06\/Finale-E10-B-1.html\" class=\"wp-block-file__button\" download>St\u00e1hnout<\/a><\/div>\n\n\n\n<div class=\"wp-block-file\"><a href=\"https:\/\/www.jkcarsteam.com\/wp-content\/uploads\/2020\/06\/Finale-E10-B-2.html\">Finale-E10-B-2<\/a><a href=\"https:\/\/www.jkcarsteam.com\/wp-content\/uploads\/2020\/06\/Finale-E10-B-2.html\" class=\"wp-block-file__button\" download>St\u00e1hnout<\/a><\/div>\n\n\n\n<div class=\"wp-block-file\"><a href=\"https:\/\/www.jkcarsteam.com\/wp-content\/uploads\/2020\/06\/Finale-E10-B-3.html\">Finale-E10-B-3<\/a><a href=\"https:\/\/www.jkcarsteam.com\/wp-content\/uploads\/2020\/06\/Finale-E10-B-3.html\" class=\"wp-block-file__button\" download>St\u00e1hnout<\/a><\/div>\n\n\n\n<div class=\"wp-block-file\"><a href=\"https:\/\/www.jkcarsteam.com\/wp-content\/uploads\/2020\/06\/Finale-IC-BUGGY.html\">Finale-IC-BUGGY<\/a><a href=\"https:\/\/www.jkcarsteam.com\/wp-content\/uploads\/2020\/06\/Finale-IC-BUGGY.html\" class=\"wp-block-file__button\" download>St\u00e1hnout<\/a><\/div>\n\n\n\n<div class=\"wp-block-file\"><a href=\"https:\/\/www.jkcarsteam.com\/wp-content\/uploads\/2020\/06\/Finale-MT-A-1.html\">Finale-MT-A-1<\/a><a href=\"https:\/\/www.jkcarsteam.com\/wp-content\/uploads\/2020\/06\/Finale-MT-A-1.html\" class=\"wp-block-file__button\" download>St\u00e1hnout<\/a><\/div>\n\n\n\n<div class=\"wp-block-file\"><a href=\"https:\/\/www.jkcarsteam.com\/wp-content\/uploads\/2020\/06\/Finale-MT-A-2.html\">Finale-MT-A-2<\/a><a href=\"https:\/\/www.jkcarsteam.com\/wp-content\/uploads\/2020\/06\/Finale-MT-A-2.html\" class=\"wp-block-file__button\" download>St\u00e1hnout<\/a><\/div>\n\n\n\n<div class=\"wp-block-file\"><a href=\"https:\/\/www.jkcarsteam.com\/wp-content\/uploads\/2020\/06\/Finale-MT-A-3.html\">Finale-MT-A-3<\/a><a href=\"https:\/\/www.jkcarsteam.com\/wp-content\/uploads\/2020\/06\/Finale-MT-A-3.html\" class=\"wp-block-file__button\" download>St\u00e1hnout<\/a><\/div>\n\n\n\n<div class=\"wp-block-file\"><a href=\"https:\/\/www.jkcarsteam.com\/wp-content\/uploads\/2020\/06\/Finale-SC-1.html\">Finale-SC-1<\/a><a href=\"https:\/\/www.jkcarsteam.com\/wp-content\/uploads\/2020\/06\/Finale-SC-1.html\" class=\"wp-block-file__button\" download>St\u00e1hnout<\/a><\/div>\n\n\n\n<div class=\"wp-block-file\"><a href=\"https:\/\/www.jkcarsteam.com\/wp-content\/uploads\/2020\/06\/Finale-SC-2.html\">Finale-SC-2<\/a><a href=\"https:\/\/www.jkcarsteam.com\/wp-content\/uploads\/2020\/06\/Finale-SC-2.html\" class=\"wp-block-file__button\" download>St\u00e1hnout<\/a><\/div>\n\n\n\n<div class=\"wp-block-file\"><a href=\"https:\/\/www.jkcarsteam.com\/wp-content\/uploads\/2020\/06\/Finale-SC-3.html\">Finale-SC-3<\/a><a href=\"https:\/\/www.jkcarsteam.com\/wp-content\/uploads\/2020\/06\/Finale-SC-3.html\" class=\"wp-block-file__button\" download>St\u00e1hnout<\/a><\/div>\n\n\n\n<div class=\"wp-block-file\"><a href=\"https:\/\/www.jkcarsteam.com\/wp-content\/uploads\/2020\/06\/Po-kvalifikaci.html\">Po-kvalifikaci<\/a><a href=\"https:\/\/www.jkcarsteam.com\/wp-content\/uploads\/2020\/06\/Po-kvalifikaci.html\" class=\"wp-block-file__button\" download>St\u00e1hnout<\/a><\/div>\n\n\n\n<div class=\"wp-block-file\"><a href=\"https:\/\/www.jkcarsteam.com\/wp-content\/uploads\/2020\/06\/Semifinale-IC-Buggy.html\">Semifinale-IC-Buggy<\/a><a href=\"https:\/\/www.jkcarsteam.com\/wp-content\/uploads\/2020\/06\/Semifinale-IC-Buggy.html\" class=\"wp-block-file__button\" download>St\u00e1hnout<\/a><\/div>\n\n\n\n<p><\/p>\n","protected":false},"excerpt":{"rendered":"<p>Pro zaj\u00edmavost : Za cel\u00fd den v\u0161ichni jezdci najezdili dohromady 1135km !<\/p>\n","protected":false},"author":1,"featured_media":0,"parent":0,"menu_order":0,"comment_status":"closed","ping_status":"closed","template":"","meta":{"footnotes":""},"class_list":["post-533","page","type-page","status-publish","hentry"],"_links":{"self":[{"href":"https:\/\/www.jkcarsteam.com\/index.php?rest_route=\/wp\/v2\/pages\/533","targetHints":{"allow":["GET"]}}],"collection":[{"href":"https:\/\/www.jkcarsteam.com\/index.php?rest_route=\/wp\/v2\/pages"}],"about":[{"href":"https:\/\/www.jkcarsteam.com\/index.php?rest_route=\/wp\/v2\/types\/page"}],"author":[{"embeddable":true,"href":"https:\/\/www.jkcarsteam.com\/index.php?rest_route=\/wp\/v2\/users\/1"}],"replies":[{"embeddable":true,"href":"https:\/\/www.jkcarsteam.com\/index.php?rest_route=%2Fwp%2Fv2%2Fcomments&post=533"}],"version-history":[{"count":4,"href":"https:\/\/www.jkcarsteam.com\/index.php?rest_route=\/wp\/v2\/pages\/533\/revisions"}],"predecessor-version":[{"id":560,"href":"https:\/\/www.jkcarsteam.com\/index.php?rest_route=\/wp\/v2\/pages\/533\/revisions\/560"}],"wp:attachment":[{"href":"https:\/\/www.jkcarsteam.com\/index.php?rest_route=%2Fwp%2Fv2%2Fmedia&parent=533"}],"curies":[{"name":"wp","href":"https:\/\/api.w.org\/{rel}","templated":true}]}}