{"id":2929,"date":"2026-05-03T19:49:48","date_gmt":"2026-05-03T19:49:48","guid":{"rendered":"https:\/\/www.jkcarsteam.com\/?page_id=2929"},"modified":"2026-05-03T19:49:48","modified_gmt":"2026-05-03T19:49:48","slug":"1-zavod-2026","status":"publish","type":"page","link":"https:\/\/www.jkcarsteam.com\/?page_id=2929","title":{"rendered":"1. Z\u00c1VOD 2026"},"content":{"rendered":"\n<div class=\"wp-block-file\"><a id=\"wp-block-file--media-2035ccc4-d1f0-492a-b29d-93ffefa1e6ac\" href=\"https:\/\/www.jkcarsteam.com\/wp-content\/uploads\/2026\/05\/f1r4.html\">f1r4<\/a><a href=\"https:\/\/www.jkcarsteam.com\/wp-content\/uploads\/2026\/05\/f1r4.html\" class=\"wp-block-file__button wp-element-button\" download aria-describedby=\"wp-block-file--media-2035ccc4-d1f0-492a-b29d-93ffefa1e6ac\">St\u00e1hnout<\/a><\/div>\n\n\n\n<div class=\"wp-block-file\"><a id=\"wp-block-file--media-c4f81798-2756-4ef2-b013-e996b450a5a5\" href=\"https:\/\/www.jkcarsteam.com\/wp-content\/uploads\/2026\/05\/f1r6.html\">f1r6<\/a><a href=\"https:\/\/www.jkcarsteam.com\/wp-content\/uploads\/2026\/05\/f1r6.html\" class=\"wp-block-file__button wp-element-button\" download aria-describedby=\"wp-block-file--media-c4f81798-2756-4ef2-b013-e996b450a5a5\">St\u00e1hnout<\/a><\/div>\n\n\n\n<div class=\"wp-block-file\"><a id=\"wp-block-file--media-3edb02ce-81f6-40ac-bfb7-b8ee904d7c37\" href=\"https:\/\/www.jkcarsteam.com\/wp-content\/uploads\/2026\/05\/f2r4.html\">f2r4<\/a><a href=\"https:\/\/www.jkcarsteam.com\/wp-content\/uploads\/2026\/05\/f2r4.html\" class=\"wp-block-file__button wp-element-button\" download aria-describedby=\"wp-block-file--media-3edb02ce-81f6-40ac-bfb7-b8ee904d7c37\">St\u00e1hnout<\/a><\/div>\n\n\n\n<div class=\"wp-block-file\"><a id=\"wp-block-file--media-f6cf61f0-8ffb-4bfd-86e9-0fbf745c60cb\" href=\"https:\/\/www.jkcarsteam.com\/wp-content\/uploads\/2026\/05\/f2r5.html\">f2r5<\/a><a href=\"https:\/\/www.jkcarsteam.com\/wp-content\/uploads\/2026\/05\/f2r5.html\" class=\"wp-block-file__button wp-element-button\" download aria-describedby=\"wp-block-file--media-f6cf61f0-8ffb-4bfd-86e9-0fbf745c60cb\">St\u00e1hnout<\/a><\/div>\n\n\n\n<div class=\"wp-block-file\"><a id=\"wp-block-file--media-e0241576-e1fd-4f3a-866b-141ebce7edad\" href=\"https:\/\/www.jkcarsteam.com\/wp-content\/uploads\/2026\/05\/f2r6.html\">f2r6<\/a><a href=\"https:\/\/www.jkcarsteam.com\/wp-content\/uploads\/2026\/05\/f2r6.html\" class=\"wp-block-file__button wp-element-button\" download aria-describedby=\"wp-block-file--media-e0241576-e1fd-4f3a-866b-141ebce7edad\">St\u00e1hnout<\/a><\/div>\n\n\n\n<div class=\"wp-block-file\"><a id=\"wp-block-file--media-52f9f9d0-9bfd-4b60-b008-de0eb6e9a5e5\" href=\"https:\/\/www.jkcarsteam.com\/wp-content\/uploads\/2026\/05\/f3r4.html\">f3r4<\/a><a href=\"https:\/\/www.jkcarsteam.com\/wp-content\/uploads\/2026\/05\/f3r4.html\" class=\"wp-block-file__button wp-element-button\" download aria-describedby=\"wp-block-file--media-52f9f9d0-9bfd-4b60-b008-de0eb6e9a5e5\">St\u00e1hnout<\/a><\/div>\n\n\n\n<div class=\"wp-block-file\"><a id=\"wp-block-file--media-f07ef12f-3f6e-4f91-b74e-89bc752284b5\" href=\"https:\/\/www.jkcarsteam.com\/wp-content\/uploads\/2026\/05\/f3r5.html\">f3r5<\/a><a href=\"https:\/\/www.jkcarsteam.com\/wp-content\/uploads\/2026\/05\/f3r5.html\" class=\"wp-block-file__button wp-element-button\" download aria-describedby=\"wp-block-file--media-f07ef12f-3f6e-4f91-b74e-89bc752284b5\">St\u00e1hnout<\/a><\/div>\n\n\n\n<div class=\"wp-block-file\"><a id=\"wp-block-file--media-42fef73f-ef1b-4db1-a822-1406314dcc18\" href=\"https:\/\/www.jkcarsteam.com\/wp-content\/uploads\/2026\/05\/f3r6.html\">f3r6<\/a><a href=\"https:\/\/www.jkcarsteam.com\/wp-content\/uploads\/2026\/05\/f3r6.html\" class=\"wp-block-file__button wp-element-button\" download aria-describedby=\"wp-block-file--media-42fef73f-ef1b-4db1-a822-1406314dcc18\">St\u00e1hnout<\/a><\/div>\n\n\n\n<div class=\"wp-block-file\"><a id=\"wp-block-file--media-0c460f22-29f2-4e8d-845a-f61eb28af003\" href=\"https:\/\/www.jkcarsteam.com\/wp-content\/uploads\/2026\/05\/f4r4.html\">f4r4<\/a><a href=\"https:\/\/www.jkcarsteam.com\/wp-content\/uploads\/2026\/05\/f4r4.html\" class=\"wp-block-file__button wp-element-button\" download aria-describedby=\"wp-block-file--media-0c460f22-29f2-4e8d-845a-f61eb28af003\">St\u00e1hnout<\/a><\/div>\n\n\n\n<div class=\"wp-block-file\"><a id=\"wp-block-file--media-f4907d1c-312d-42a4-84d0-5c0b8577326b\" href=\"https:\/\/www.jkcarsteam.com\/wp-content\/uploads\/2026\/05\/f4r5.html\">f4r5<\/a><a href=\"https:\/\/www.jkcarsteam.com\/wp-content\/uploads\/2026\/05\/f4r5.html\" class=\"wp-block-file__button wp-element-button\" download aria-describedby=\"wp-block-file--media-f4907d1c-312d-42a4-84d0-5c0b8577326b\">St\u00e1hnout<\/a><\/div>\n\n\n\n<div class=\"wp-block-file\"><a id=\"wp-block-file--media-f598f8a3-fec4-409f-9695-f77649aeda94\" href=\"https:\/\/www.jkcarsteam.com\/wp-content\/uploads\/2026\/05\/f4r6.html\">f4r6<\/a><a href=\"https:\/\/www.jkcarsteam.com\/wp-content\/uploads\/2026\/05\/f4r6.html\" class=\"wp-block-file__button wp-element-button\" download aria-describedby=\"wp-block-file--media-f598f8a3-fec4-409f-9695-f77649aeda94\">St\u00e1hnout<\/a><\/div>\n\n\n\n<div class=\"wp-block-file\"><a id=\"wp-block-file--media-3c4edc9f-eecd-4d2d-94bf-dd1fcd645baf\" href=\"https:\/\/www.jkcarsteam.com\/wp-content\/uploads\/2026\/05\/f5r4.html\">f5r4<\/a><a href=\"https:\/\/www.jkcarsteam.com\/wp-content\/uploads\/2026\/05\/f5r4.html\" class=\"wp-block-file__button wp-element-button\" download aria-describedby=\"wp-block-file--media-3c4edc9f-eecd-4d2d-94bf-dd1fcd645baf\">St\u00e1hnout<\/a><\/div>\n\n\n\n<div class=\"wp-block-file\"><a id=\"wp-block-file--media-d0e9f738-8c5f-440c-a932-8b9c7ea922f7\" href=\"https:\/\/www.jkcarsteam.com\/wp-content\/uploads\/2026\/05\/f5r5.html\">f5r5<\/a><a href=\"https:\/\/www.jkcarsteam.com\/wp-content\/uploads\/2026\/05\/f5r5.html\" class=\"wp-block-file__button wp-element-button\" download aria-describedby=\"wp-block-file--media-d0e9f738-8c5f-440c-a932-8b9c7ea922f7\">St\u00e1hnout<\/a><\/div>\n\n\n\n<div class=\"wp-block-file\"><a id=\"wp-block-file--media-a1dca47f-002a-466c-b704-ce981991019f\" href=\"https:\/\/www.jkcarsteam.com\/wp-content\/uploads\/2026\/05\/Po-kvalifikaci.html\">Po kvalifikaci<\/a><a href=\"https:\/\/www.jkcarsteam.com\/wp-content\/uploads\/2026\/05\/Po-kvalifikaci.html\" class=\"wp-block-file__button wp-element-button\" download aria-describedby=\"wp-block-file--media-a1dca47f-002a-466c-b704-ce981991019f\">St\u00e1hnout<\/a><\/div>\n\n\n\n<div class=\"wp-block-file\"><a id=\"wp-block-file--media-a40ce7a8-efc8-4278-8d36-e33a13e76919\" href=\"https:\/\/www.jkcarsteam.com\/wp-content\/uploads\/2026\/05\/Semifinal-IC-Buggy.html\">Semifinal IC Buggy<\/a><a href=\"https:\/\/www.jkcarsteam.com\/wp-content\/uploads\/2026\/05\/Semifinal-IC-Buggy.html\" class=\"wp-block-file__button wp-element-button\" download aria-describedby=\"wp-block-file--media-a40ce7a8-efc8-4278-8d36-e33a13e76919\">St\u00e1hnout<\/a><\/div>\n\n\n\n<div class=\"wp-block-file\"><a id=\"wp-block-file--media-f36599df-6317-4b6a-a6fc-2312bcbd8182\" href=\"https:\/\/www.jkcarsteam.com\/wp-content\/uploads\/2026\/05\/Finale-IC-buggy.html\">Fin\u00e1le IC buggy<\/a><a href=\"https:\/\/www.jkcarsteam.com\/wp-content\/uploads\/2026\/05\/Finale-IC-buggy.html\" class=\"wp-block-file__button wp-element-button\" download aria-describedby=\"wp-block-file--media-f36599df-6317-4b6a-a6fc-2312bcbd8182\">St\u00e1hnout<\/a><\/div>\n\n\n\n<div data-wp-interactive=\"core\/file\" class=\"wp-block-file\"><object data-wp-bind--hidden=\"!state.hasPdfPreview\" hidden class=\"wp-block-file__embed\" data=\"https:\/\/www.jkcarsteam.com\/wp-content\/uploads\/2026\/05\/Konecne-poradi-Elektro-1RC.pdf\" type=\"application\/pdf\" style=\"width:100%;height:600px\" aria-label=\"Vlo\u017eit z Kone\u010dne po\u0159adi Elektro - 1RC.\"><\/object><a id=\"wp-block-file--media-55538334-9a95-4a7d-af10-257f66ef868a\" href=\"https:\/\/www.jkcarsteam.com\/wp-content\/uploads\/2026\/05\/Konecne-poradi-Elektro-1RC.pdf\">Kone\u010dne po\u0159adi Elektro &#8211; 1RC<\/a><a href=\"https:\/\/www.jkcarsteam.com\/wp-content\/uploads\/2026\/05\/Konecne-poradi-Elektro-1RC.pdf\" class=\"wp-block-file__button wp-element-button\" download aria-describedby=\"wp-block-file--media-55538334-9a95-4a7d-af10-257f66ef868a\">St\u00e1hnout<\/a><\/div>\n","protected":false},"excerpt":{"rendered":"","protected":false},"author":3,"featured_media":0,"parent":0,"menu_order":0,"comment_status":"closed","ping_status":"closed","template":"","meta":{"footnotes":""},"class_list":["post-2929","page","type-page","status-publish","hentry"],"_links":{"self":[{"href":"https:\/\/www.jkcarsteam.com\/index.php?rest_route=\/wp\/v2\/pages\/2929","targetHints":{"allow":["GET"]}}],"collection":[{"href":"https:\/\/www.jkcarsteam.com\/index.php?rest_route=\/wp\/v2\/pages"}],"about":[{"href":"https:\/\/www.jkcarsteam.com\/index.php?rest_route=\/wp\/v2\/types\/page"}],"author":[{"embeddable":true,"href":"https:\/\/www.jkcarsteam.com\/index.php?rest_route=\/wp\/v2\/users\/3"}],"replies":[{"embeddable":true,"href":"https:\/\/www.jkcarsteam.com\/index.php?rest_route=%2Fwp%2Fv2%2Fcomments&post=2929"}],"version-history":[{"count":1,"href":"https:\/\/www.jkcarsteam.com\/index.php?rest_route=\/wp\/v2\/pages\/2929\/revisions"}],"predecessor-version":[{"id":2948,"href":"https:\/\/www.jkcarsteam.com\/index.php?rest_route=\/wp\/v2\/pages\/2929\/revisions\/2948"}],"wp:attachment":[{"href":"https:\/\/www.jkcarsteam.com\/index.php?rest_route=%2Fwp%2Fv2%2Fmedia&parent=2929"}],"curies":[{"name":"wp","href":"https:\/\/api.w.org\/{rel}","templated":true}]}}