{"id":2871,"date":"2025-09-17T17:14:36","date_gmt":"2025-09-17T17:14:36","guid":{"rendered":"https:\/\/www.jkcarsteam.com\/?page_id=2871"},"modified":"2025-09-22T11:53:37","modified_gmt":"2025-09-22T11:53:37","slug":"prubezne-poradi-2025","status":"publish","type":"page","link":"https:\/\/www.jkcarsteam.com\/?page_id=2871","title":{"rendered":"PR\u016eB\u011a\u017dN\u00c9 PO\u0158AD\u00cd 2025"},"content":{"rendered":"\n<div data-wp-interactive=\"core\/file\" class=\"wp-block-file\"><object data-wp-bind--hidden=\"!state.hasPdfPreview\" hidden class=\"wp-block-file__embed\" data=\"https:\/\/www.jkcarsteam.com\/wp-content\/uploads\/2025\/09\/18E-po-5-zavodech.pdf\" type=\"application\/pdf\" style=\"width:100%;height:600px\" aria-label=\"Vlo\u017eit z 18E-po 5 zavodech.\"><\/object><a id=\"wp-block-file--media-2c1b7879-266e-4dc5-9f78-e73fb41664f2\" href=\"https:\/\/www.jkcarsteam.com\/wp-content\/uploads\/2025\/09\/18E-po-5-zavodech.pdf\">18E-po 5 zavodech<\/a><a href=\"https:\/\/www.jkcarsteam.com\/wp-content\/uploads\/2025\/09\/18E-po-5-zavodech.pdf\" class=\"wp-block-file__button wp-element-button\" download aria-describedby=\"wp-block-file--media-2c1b7879-266e-4dc5-9f78-e73fb41664f2\">St\u00e1hnout<\/a><\/div>\n\n\n\n<div data-wp-interactive=\"core\/file\" class=\"wp-block-file\"><object data-wp-bind--hidden=\"!state.hasPdfPreview\" hidden class=\"wp-block-file__embed\" data=\"https:\/\/www.jkcarsteam.com\/wp-content\/uploads\/2025\/09\/18IC-po-5-zavodech.pdf\" type=\"application\/pdf\" style=\"width:100%;height:600px\" aria-label=\"Vlo\u017eit z 18IC-po 5 zavodech.\"><\/object><a id=\"wp-block-file--media-07629d0e-1846-4b23-9e26-3c1f1067c95e\" href=\"https:\/\/www.jkcarsteam.com\/wp-content\/uploads\/2025\/09\/18IC-po-5-zavodech.pdf\">18IC-po 5 zavodech<\/a><a href=\"https:\/\/www.jkcarsteam.com\/wp-content\/uploads\/2025\/09\/18IC-po-5-zavodech.pdf\" class=\"wp-block-file__button wp-element-button\" download aria-describedby=\"wp-block-file--media-07629d0e-1846-4b23-9e26-3c1f1067c95e\">St\u00e1hnout<\/a><\/div>\n\n\n\n<div data-wp-interactive=\"core\/file\" class=\"wp-block-file\"><object data-wp-bind--hidden=\"!state.hasPdfPreview\" hidden class=\"wp-block-file__embed\" data=\"https:\/\/www.jkcarsteam.com\/wp-content\/uploads\/2025\/09\/18E-po-4-zavodech-1.pdf\" type=\"application\/pdf\" style=\"width:100%;height:600px\" aria-label=\"Vlo\u017eit z 18E-po 4 zavodech.\"><\/object><a id=\"wp-block-file--media-d2eeba87-7958-4685-bfd3-cf747eaa6723\" href=\"https:\/\/www.jkcarsteam.com\/wp-content\/uploads\/2025\/09\/18E-po-4-zavodech-1.pdf\">18E-po 4 zavodech<\/a><a href=\"https:\/\/www.jkcarsteam.com\/wp-content\/uploads\/2025\/09\/18E-po-4-zavodech-1.pdf\" class=\"wp-block-file__button wp-element-button\" download aria-describedby=\"wp-block-file--media-d2eeba87-7958-4685-bfd3-cf747eaa6723\">St\u00e1hnout<\/a><\/div>\n\n\n\n<div data-wp-interactive=\"core\/file\" class=\"wp-block-file\"><object data-wp-bind--hidden=\"!state.hasPdfPreview\" hidden class=\"wp-block-file__embed\" data=\"https:\/\/www.jkcarsteam.com\/wp-content\/uploads\/2025\/09\/18IC-po-4-zavodech-1.pdf\" type=\"application\/pdf\" style=\"width:100%;height:600px\" aria-label=\"Vlo\u017eit z 18IC-po 4 zavodech.\"><\/object><a id=\"wp-block-file--media-a72e58aa-c366-4557-8f06-7d236e9f0437\" href=\"https:\/\/www.jkcarsteam.com\/wp-content\/uploads\/2025\/09\/18IC-po-4-zavodech-1.pdf\">18IC-po 4 zavodech<\/a><a href=\"https:\/\/www.jkcarsteam.com\/wp-content\/uploads\/2025\/09\/18IC-po-4-zavodech-1.pdf\" class=\"wp-block-file__button wp-element-button\" download aria-describedby=\"wp-block-file--media-a72e58aa-c366-4557-8f06-7d236e9f0437\">St\u00e1hnout<\/a><\/div>\n","protected":false},"excerpt":{"rendered":"","protected":false},"author":1,"featured_media":0,"parent":0,"menu_order":0,"comment_status":"closed","ping_status":"closed","template":"","meta":{"footnotes":""},"class_list":["post-2871","page","type-page","status-publish","hentry"],"_links":{"self":[{"href":"https:\/\/www.jkcarsteam.com\/index.php?rest_route=\/wp\/v2\/pages\/2871","targetHints":{"allow":["GET"]}}],"collection":[{"href":"https:\/\/www.jkcarsteam.com\/index.php?rest_route=\/wp\/v2\/pages"}],"about":[{"href":"https:\/\/www.jkcarsteam.com\/index.php?rest_route=\/wp\/v2\/types\/page"}],"author":[{"embeddable":true,"href":"https:\/\/www.jkcarsteam.com\/index.php?rest_route=\/wp\/v2\/users\/1"}],"replies":[{"embeddable":true,"href":"https:\/\/www.jkcarsteam.com\/index.php?rest_route=%2Fwp%2Fv2%2Fcomments&post=2871"}],"version-history":[{"count":4,"href":"https:\/\/www.jkcarsteam.com\/index.php?rest_route=\/wp\/v2\/pages\/2871\/revisions"}],"predecessor-version":[{"id":2905,"href":"https:\/\/www.jkcarsteam.com\/index.php?rest_route=\/wp\/v2\/pages\/2871\/revisions\/2905"}],"wp:attachment":[{"href":"https:\/\/www.jkcarsteam.com\/index.php?rest_route=%2Fwp%2Fv2%2Fmedia&parent=2871"}],"curies":[{"name":"wp","href":"https:\/\/api.w.org\/{rel}","templated":true}]}}