{"id":2739,"date":"2025-05-04T16:16:10","date_gmt":"2025-05-04T16:16:10","guid":{"rendered":"https:\/\/www.jkcarsteam.com\/?page_id=2739"},"modified":"2025-07-08T10:19:08","modified_gmt":"2025-07-08T10:19:08","slug":"2-zavod-2025","status":"publish","type":"page","link":"https:\/\/www.jkcarsteam.com\/?page_id=2739","title":{"rendered":"2. Z\u00e1vod 2025"},"content":{"rendered":"\n<div class=\"wp-block-file\"><a id=\"wp-block-file--media-f6ee3024-a416-4e2c-b263-55ca218e7460\" href=\"https:\/\/www.jkcarsteam.com\/wp-content\/uploads\/2025\/07\/f1r4-1.html\" target=\"_blank\" rel=\"noreferrer noopener\">f1r4<\/a><a href=\"https:\/\/www.jkcarsteam.com\/wp-content\/uploads\/2025\/07\/f1r4-1.html\" class=\"wp-block-file__button wp-element-button\" download aria-describedby=\"wp-block-file--media-f6ee3024-a416-4e2c-b263-55ca218e7460\">St\u00e1hnout<\/a><\/div>\n\n\n\n<div class=\"wp-block-file\"><a id=\"wp-block-file--media-c6f4740f-d30b-4c84-ad70-7576c5e12b2a\" href=\"https:\/\/www.jkcarsteam.com\/wp-content\/uploads\/2025\/07\/f1r5-1.html\" target=\"_blank\" rel=\"noreferrer noopener\">f1r5<\/a><a href=\"https:\/\/www.jkcarsteam.com\/wp-content\/uploads\/2025\/07\/f1r5-1.html\" class=\"wp-block-file__button wp-element-button\" download aria-describedby=\"wp-block-file--media-c6f4740f-d30b-4c84-ad70-7576c5e12b2a\">St\u00e1hnout<\/a><\/div>\n\n\n\n<div class=\"wp-block-file\"><a id=\"wp-block-file--media-f9ccbca8-222e-4829-9cba-ee0340724d72\" href=\"https:\/\/www.jkcarsteam.com\/wp-content\/uploads\/2025\/07\/f1r6-1.html\" target=\"_blank\" rel=\"noreferrer noopener\">f1r6<\/a><a href=\"https:\/\/www.jkcarsteam.com\/wp-content\/uploads\/2025\/07\/f1r6-1.html\" class=\"wp-block-file__button wp-element-button\" download aria-describedby=\"wp-block-file--media-f9ccbca8-222e-4829-9cba-ee0340724d72\">St\u00e1hnout<\/a><\/div>\n\n\n\n<div class=\"wp-block-file\"><a id=\"wp-block-file--media-74a42836-50b8-4aef-b4b8-71958e2743ea\" href=\"https:\/\/www.jkcarsteam.com\/wp-content\/uploads\/2025\/07\/f2r4-1.html\" target=\"_blank\" rel=\"noreferrer noopener\">f2r4<\/a><a href=\"https:\/\/www.jkcarsteam.com\/wp-content\/uploads\/2025\/07\/f2r4-1.html\" class=\"wp-block-file__button wp-element-button\" download aria-describedby=\"wp-block-file--media-74a42836-50b8-4aef-b4b8-71958e2743ea\">St\u00e1hnout<\/a><\/div>\n\n\n\n<div class=\"wp-block-file\"><a id=\"wp-block-file--media-4e05903d-244c-4ebf-bfde-035af58bc848\" href=\"https:\/\/www.jkcarsteam.com\/wp-content\/uploads\/2025\/07\/f2r5-1.html\" target=\"_blank\" rel=\"noreferrer noopener\">f2r5<\/a><a href=\"https:\/\/www.jkcarsteam.com\/wp-content\/uploads\/2025\/07\/f2r5-1.html\" class=\"wp-block-file__button wp-element-button\" download aria-describedby=\"wp-block-file--media-4e05903d-244c-4ebf-bfde-035af58bc848\">St\u00e1hnout<\/a><\/div>\n\n\n\n<div class=\"wp-block-file\"><a id=\"wp-block-file--media-118fe5ad-9816-44fb-8d85-1003732466ce\" href=\"https:\/\/www.jkcarsteam.com\/wp-content\/uploads\/2025\/07\/f2r6.html\" target=\"_blank\" rel=\"noreferrer noopener\">f2r6<\/a><a href=\"https:\/\/www.jkcarsteam.com\/wp-content\/uploads\/2025\/07\/f2r6.html\" class=\"wp-block-file__button wp-element-button\" download aria-describedby=\"wp-block-file--media-118fe5ad-9816-44fb-8d85-1003732466ce\">St\u00e1hnout<\/a><\/div>\n\n\n\n<div class=\"wp-block-file\"><a id=\"wp-block-file--media-f2b11aa8-f8db-449f-aee6-88ae9f302b26\" href=\"https:\/\/www.jkcarsteam.com\/wp-content\/uploads\/2025\/07\/f3r4-2.html\" target=\"_blank\" rel=\"noreferrer noopener\">f3r4<\/a><a href=\"https:\/\/www.jkcarsteam.com\/wp-content\/uploads\/2025\/07\/f3r4-2.html\" class=\"wp-block-file__button wp-element-button\" download aria-describedby=\"wp-block-file--media-f2b11aa8-f8db-449f-aee6-88ae9f302b26\">St\u00e1hnout<\/a><\/div>\n\n\n\n<div class=\"wp-block-file\"><a id=\"wp-block-file--media-f5e4d782-6747-4a78-91d8-978ed0e394f8\" href=\"https:\/\/www.jkcarsteam.com\/wp-content\/uploads\/2025\/07\/f3r5-1.html\" target=\"_blank\" rel=\"noreferrer noopener\">f3r5<\/a><a href=\"https:\/\/www.jkcarsteam.com\/wp-content\/uploads\/2025\/07\/f3r5-1.html\" class=\"wp-block-file__button wp-element-button\" download aria-describedby=\"wp-block-file--media-f5e4d782-6747-4a78-91d8-978ed0e394f8\">St\u00e1hnout<\/a><\/div>\n\n\n\n<div class=\"wp-block-file\"><a id=\"wp-block-file--media-5721ad93-3591-44af-8699-8a5ac51e7d04\" href=\"https:\/\/www.jkcarsteam.com\/wp-content\/uploads\/2025\/07\/f3r6-1.html\" target=\"_blank\" rel=\"noreferrer noopener\">f3r6<\/a><a href=\"https:\/\/www.jkcarsteam.com\/wp-content\/uploads\/2025\/07\/f3r6-1.html\" class=\"wp-block-file__button wp-element-button\" download aria-describedby=\"wp-block-file--media-5721ad93-3591-44af-8699-8a5ac51e7d04\">St\u00e1hnout<\/a><\/div>\n\n\n\n<div class=\"wp-block-file\"><a id=\"wp-block-file--media-3c0233b7-239f-4676-8b53-de7315cb234b\" href=\"https:\/\/www.jkcarsteam.com\/wp-content\/uploads\/2025\/07\/f4r4-1.html\" target=\"_blank\" rel=\"noreferrer noopener\">f4r4<\/a><a href=\"https:\/\/www.jkcarsteam.com\/wp-content\/uploads\/2025\/07\/f4r4-1.html\" class=\"wp-block-file__button wp-element-button\" download aria-describedby=\"wp-block-file--media-3c0233b7-239f-4676-8b53-de7315cb234b\">St\u00e1hnout<\/a><\/div>\n\n\n\n<div class=\"wp-block-file\"><a id=\"wp-block-file--media-143251c1-6995-429b-8e4d-a6c422cf23b7\" href=\"https:\/\/www.jkcarsteam.com\/wp-content\/uploads\/2025\/07\/f4r5-1.html\" target=\"_blank\" rel=\"noreferrer noopener\">f4r5<\/a><a href=\"https:\/\/www.jkcarsteam.com\/wp-content\/uploads\/2025\/07\/f4r5-1.html\" class=\"wp-block-file__button wp-element-button\" download aria-describedby=\"wp-block-file--media-143251c1-6995-429b-8e4d-a6c422cf23b7\">St\u00e1hnout<\/a><\/div>\n\n\n\n<div class=\"wp-block-file\"><a id=\"wp-block-file--media-08b8e9c9-a6bb-4ee6-a02b-cbcd2aefebf3\" href=\"https:\/\/www.jkcarsteam.com\/wp-content\/uploads\/2025\/07\/f4r6-1.html\" target=\"_blank\" rel=\"noreferrer noopener\">f4r6<\/a><a href=\"https:\/\/www.jkcarsteam.com\/wp-content\/uploads\/2025\/07\/f4r6-1.html\" class=\"wp-block-file__button wp-element-button\" download aria-describedby=\"wp-block-file--media-08b8e9c9-a6bb-4ee6-a02b-cbcd2aefebf3\">St\u00e1hnout<\/a><\/div>\n\n\n\n<div class=\"wp-block-file\"><a id=\"wp-block-file--media-f8f3a866-3e18-4dee-a955-9d847abc2e5e\" href=\"https:\/\/www.jkcarsteam.com\/wp-content\/uploads\/2025\/07\/f5r4-1.html\" target=\"_blank\" rel=\"noreferrer noopener\">f5r4<\/a><a href=\"https:\/\/www.jkcarsteam.com\/wp-content\/uploads\/2025\/07\/f5r4-1.html\" class=\"wp-block-file__button wp-element-button\" download aria-describedby=\"wp-block-file--media-f8f3a866-3e18-4dee-a955-9d847abc2e5e\">St\u00e1hnout<\/a><\/div>\n\n\n\n<div class=\"wp-block-file\"><a id=\"wp-block-file--media-b815d908-f79a-4a3e-b557-e6f236ea9052\" href=\"https:\/\/www.jkcarsteam.com\/wp-content\/uploads\/2025\/07\/Finale-IC-Buggy-A-1.html\" target=\"_blank\" rel=\"noreferrer noopener\">Fin\u00e1le IC Buggy A<\/a><a href=\"https:\/\/www.jkcarsteam.com\/wp-content\/uploads\/2025\/07\/Finale-IC-Buggy-A-1.html\" class=\"wp-block-file__button wp-element-button\" download aria-describedby=\"wp-block-file--media-b815d908-f79a-4a3e-b557-e6f236ea9052\">St\u00e1hnout<\/a><\/div>\n\n\n\n<div class=\"wp-block-file\"><a id=\"wp-block-file--media-aa8a19d2-98c1-45b5-bad7-2cbe8ce5b8a6\" href=\"https:\/\/www.jkcarsteam.com\/wp-content\/uploads\/2025\/07\/f5r5-1.html\" target=\"_blank\" rel=\"noreferrer noopener\">f5r5<\/a><a href=\"https:\/\/www.jkcarsteam.com\/wp-content\/uploads\/2025\/07\/f5r5-1.html\" class=\"wp-block-file__button wp-element-button\" download aria-describedby=\"wp-block-file--media-aa8a19d2-98c1-45b5-bad7-2cbe8ce5b8a6\">St\u00e1hnout<\/a><\/div>\n\n\n\n<div class=\"wp-block-file\"><a id=\"wp-block-file--media-5e5ccf40-323b-4979-a367-70633f1cdbe0\" href=\"https:\/\/www.jkcarsteam.com\/wp-content\/uploads\/2025\/07\/Po-kvalifikaci-1.html\" target=\"_blank\" rel=\"noreferrer noopener\">Po kvalifikaci<\/a><a href=\"https:\/\/www.jkcarsteam.com\/wp-content\/uploads\/2025\/07\/Po-kvalifikaci-1.html\" class=\"wp-block-file__button wp-element-button\" download aria-describedby=\"wp-block-file--media-5e5ccf40-323b-4979-a367-70633f1cdbe0\">St\u00e1hnout<\/a><\/div>\n\n\n\n<div data-wp-interactive=\"core\/file\" class=\"wp-block-file\"><object data-wp-bind--hidden=\"!state.hasPdfPreview\" hidden class=\"wp-block-file__embed\" data=\"https:\/\/www.jkcarsteam.com\/wp-content\/uploads\/2025\/07\/Konecne-poradi-Elektro.pdf\" type=\"application\/pdf\" style=\"width:100%;height:600px\" aria-label=\"Vlo\u017eit z Kone\u010dn\u00e9 po\u0159ad\u00ed Elektro.\"><\/object><a id=\"wp-block-file--media-733419d7-8f6f-432c-90a1-564da47fb46f\" href=\"https:\/\/www.jkcarsteam.com\/wp-content\/uploads\/2025\/07\/Konecne-poradi-Elektro.pdf\" target=\"_blank\" rel=\"noreferrer noopener\">Kone\u010dn\u00e9 po\u0159ad\u00ed Elektro<\/a><a href=\"https:\/\/www.jkcarsteam.com\/wp-content\/uploads\/2025\/07\/Konecne-poradi-Elektro.pdf\" class=\"wp-block-file__button wp-element-button\" download aria-describedby=\"wp-block-file--media-733419d7-8f6f-432c-90a1-564da47fb46f\">St\u00e1hnout<\/a><\/div>\n","protected":false},"excerpt":{"rendered":"","protected":false},"author":1,"featured_media":0,"parent":0,"menu_order":0,"comment_status":"closed","ping_status":"closed","template":"","meta":{"footnotes":""},"class_list":["post-2739","page","type-page","status-publish","hentry"],"_links":{"self":[{"href":"https:\/\/www.jkcarsteam.com\/index.php?rest_route=\/wp\/v2\/pages\/2739","targetHints":{"allow":["GET"]}}],"collection":[{"href":"https:\/\/www.jkcarsteam.com\/index.php?rest_route=\/wp\/v2\/pages"}],"about":[{"href":"https:\/\/www.jkcarsteam.com\/index.php?rest_route=\/wp\/v2\/types\/page"}],"author":[{"embeddable":true,"href":"https:\/\/www.jkcarsteam.com\/index.php?rest_route=\/wp\/v2\/users\/1"}],"replies":[{"embeddable":true,"href":"https:\/\/www.jkcarsteam.com\/index.php?rest_route=%2Fwp%2Fv2%2Fcomments&post=2739"}],"version-history":[{"count":4,"href":"https:\/\/www.jkcarsteam.com\/index.php?rest_route=\/wp\/v2\/pages\/2739\/revisions"}],"predecessor-version":[{"id":2842,"href":"https:\/\/www.jkcarsteam.com\/index.php?rest_route=\/wp\/v2\/pages\/2739\/revisions\/2842"}],"wp:attachment":[{"href":"https:\/\/www.jkcarsteam.com\/index.php?rest_route=%2Fwp%2Fv2%2Fmedia&parent=2739"}],"curies":[{"name":"wp","href":"https:\/\/api.w.org\/{rel}","templated":true}]}}