{"id":2736,"date":"2025-05-04T16:15:52","date_gmt":"2025-05-04T16:15:52","guid":{"rendered":"https:\/\/www.jkcarsteam.com\/?page_id=2736"},"modified":"2025-07-08T10:17:41","modified_gmt":"2025-07-08T10:17:41","slug":"1-zavod-2025","status":"publish","type":"page","link":"https:\/\/www.jkcarsteam.com\/?page_id=2736","title":{"rendered":"1. Z\u00e1vod 2025"},"content":{"rendered":"\n<div class=\"wp-block-file\"><a id=\"wp-block-file--media-f99af3f9-a9b8-4665-bd49-e0ec39d7b4ce\" href=\"https:\/\/www.jkcarsteam.com\/wp-content\/uploads\/2025\/07\/f1r4.html\" target=\"_blank\" rel=\"noreferrer noopener\">f1r4<\/a><a href=\"https:\/\/www.jkcarsteam.com\/wp-content\/uploads\/2025\/07\/f1r4.html\" class=\"wp-block-file__button wp-element-button\" download aria-describedby=\"wp-block-file--media-f99af3f9-a9b8-4665-bd49-e0ec39d7b4ce\">St\u00e1hnout<\/a><\/div>\n\n\n\n<div class=\"wp-block-file\"><a id=\"wp-block-file--media-cc7de906-6d0f-47bd-bf94-6a563a0b9c77\" href=\"https:\/\/www.jkcarsteam.com\/wp-content\/uploads\/2025\/07\/f1r5.html\" target=\"_blank\" rel=\"noreferrer noopener\">f1r5<\/a><a href=\"https:\/\/www.jkcarsteam.com\/wp-content\/uploads\/2025\/07\/f1r5.html\" class=\"wp-block-file__button wp-element-button\" download aria-describedby=\"wp-block-file--media-cc7de906-6d0f-47bd-bf94-6a563a0b9c77\">St\u00e1hnout<\/a><\/div>\n\n\n\n<div class=\"wp-block-file\"><a id=\"wp-block-file--media-395605f0-7726-4199-b4dd-69a1e9249ee8\" href=\"https:\/\/www.jkcarsteam.com\/wp-content\/uploads\/2025\/07\/f1r6.html\" target=\"_blank\" rel=\"noreferrer noopener\">f1r6<\/a><a href=\"https:\/\/www.jkcarsteam.com\/wp-content\/uploads\/2025\/07\/f1r6.html\" class=\"wp-block-file__button wp-element-button\" download aria-describedby=\"wp-block-file--media-395605f0-7726-4199-b4dd-69a1e9249ee8\">St\u00e1hnout<\/a><\/div>\n\n\n\n<div class=\"wp-block-file\"><a id=\"wp-block-file--media-90c7e548-3f38-405c-9c08-6dc86aa1425a\" href=\"https:\/\/www.jkcarsteam.com\/wp-content\/uploads\/2025\/07\/f2r4.html\" target=\"_blank\" rel=\"noreferrer noopener\">f2r4<\/a><a href=\"https:\/\/www.jkcarsteam.com\/wp-content\/uploads\/2025\/07\/f2r4.html\" class=\"wp-block-file__button wp-element-button\" download aria-describedby=\"wp-block-file--media-90c7e548-3f38-405c-9c08-6dc86aa1425a\">St\u00e1hnout<\/a><\/div>\n\n\n\n<div class=\"wp-block-file\"><a id=\"wp-block-file--media-b5e25f97-7032-4b20-ba8a-af8d7bf4d6b4\" href=\"https:\/\/www.jkcarsteam.com\/wp-content\/uploads\/2025\/07\/f2r5.html\">f2r5<\/a><a href=\"https:\/\/www.jkcarsteam.com\/wp-content\/uploads\/2025\/07\/f2r5.html\" class=\"wp-block-file__button wp-element-button\" download aria-describedby=\"wp-block-file--media-b5e25f97-7032-4b20-ba8a-af8d7bf4d6b4\">St\u00e1hnout<\/a><\/div>\n\n\n\n<div class=\"wp-block-file\"><a id=\"wp-block-file--media-b18bf4ca-cc13-4b2a-bd34-6a0ffdde788d\" href=\"https:\/\/www.jkcarsteam.com\/wp-content\/uploads\/2025\/07\/f3r4.html\" target=\"_blank\" rel=\"noreferrer noopener\">f3r4<\/a><a href=\"https:\/\/www.jkcarsteam.com\/wp-content\/uploads\/2025\/07\/f3r4.html\" class=\"wp-block-file__button wp-element-button\" download aria-describedby=\"wp-block-file--media-b18bf4ca-cc13-4b2a-bd34-6a0ffdde788d\">St\u00e1hnout<\/a><\/div>\n\n\n\n<div class=\"wp-block-file\"><a id=\"wp-block-file--media-734cbe81-dd58-45ad-af8b-2effc54e20ab\" href=\"https:\/\/www.jkcarsteam.com\/wp-content\/uploads\/2025\/07\/f3r4-1.html\" target=\"_blank\" rel=\"noreferrer noopener\">f3r4<\/a><a href=\"https:\/\/www.jkcarsteam.com\/wp-content\/uploads\/2025\/07\/f3r4-1.html\" class=\"wp-block-file__button wp-element-button\" download aria-describedby=\"wp-block-file--media-734cbe81-dd58-45ad-af8b-2effc54e20ab\">St\u00e1hnout<\/a><\/div>\n\n\n\n<div class=\"wp-block-file\"><a id=\"wp-block-file--media-45937bfc-c3f9-4809-8520-55234a9a7b1e\" href=\"https:\/\/www.jkcarsteam.com\/wp-content\/uploads\/2025\/07\/f3r5.html\" target=\"_blank\" rel=\"noreferrer noopener\">f3r5<\/a><a href=\"https:\/\/www.jkcarsteam.com\/wp-content\/uploads\/2025\/07\/f3r5.html\" class=\"wp-block-file__button wp-element-button\" download aria-describedby=\"wp-block-file--media-45937bfc-c3f9-4809-8520-55234a9a7b1e\">St\u00e1hnout<\/a><\/div>\n\n\n\n<div class=\"wp-block-file\"><a id=\"wp-block-file--media-83705a3d-380b-4a5f-97f3-c0e567f3b5de\" href=\"https:\/\/www.jkcarsteam.com\/wp-content\/uploads\/2025\/07\/f3r6.html\" target=\"_blank\" rel=\"noreferrer noopener\">f3r6<\/a><a href=\"https:\/\/www.jkcarsteam.com\/wp-content\/uploads\/2025\/07\/f3r6.html\" class=\"wp-block-file__button wp-element-button\" download aria-describedby=\"wp-block-file--media-83705a3d-380b-4a5f-97f3-c0e567f3b5de\">St\u00e1hnout<\/a><\/div>\n\n\n\n<div class=\"wp-block-file\"><a id=\"wp-block-file--media-84a12ee5-c6af-4791-a7e1-c408a437c3e1\" href=\"https:\/\/www.jkcarsteam.com\/wp-content\/uploads\/2025\/07\/f4r4.html\" target=\"_blank\" rel=\"noreferrer noopener\">f4r4<\/a><a href=\"https:\/\/www.jkcarsteam.com\/wp-content\/uploads\/2025\/07\/f4r4.html\" class=\"wp-block-file__button wp-element-button\" download aria-describedby=\"wp-block-file--media-84a12ee5-c6af-4791-a7e1-c408a437c3e1\">St\u00e1hnout<\/a><\/div>\n\n\n\n<div class=\"wp-block-file\"><a id=\"wp-block-file--media-f36b8fb1-bd3c-4a40-acb1-56487bd16dc5\" href=\"https:\/\/www.jkcarsteam.com\/wp-content\/uploads\/2025\/07\/f4r5.html\" target=\"_blank\" rel=\"noreferrer noopener\">f4r5<\/a><a href=\"https:\/\/www.jkcarsteam.com\/wp-content\/uploads\/2025\/07\/f4r5.html\" class=\"wp-block-file__button wp-element-button\" download aria-describedby=\"wp-block-file--media-f36b8fb1-bd3c-4a40-acb1-56487bd16dc5\">St\u00e1hnout<\/a><\/div>\n\n\n\n<div class=\"wp-block-file\"><a id=\"wp-block-file--media-fdfb49c9-3d7b-40a9-802d-974e60105d99\" href=\"https:\/\/www.jkcarsteam.com\/wp-content\/uploads\/2025\/07\/f4r6.html\" target=\"_blank\" rel=\"noreferrer noopener\">f4r6<\/a><a href=\"https:\/\/www.jkcarsteam.com\/wp-content\/uploads\/2025\/07\/f4r6.html\" class=\"wp-block-file__button wp-element-button\" download aria-describedby=\"wp-block-file--media-fdfb49c9-3d7b-40a9-802d-974e60105d99\">St\u00e1hnout<\/a><\/div>\n\n\n\n<div class=\"wp-block-file\"><a id=\"wp-block-file--media-e6f18c71-3e19-4e48-831f-20a139765ffc\" href=\"https:\/\/www.jkcarsteam.com\/wp-content\/uploads\/2025\/07\/f5r4.html\" target=\"_blank\" rel=\"noreferrer noopener\">f5r4<\/a><a href=\"https:\/\/www.jkcarsteam.com\/wp-content\/uploads\/2025\/07\/f5r4.html\" class=\"wp-block-file__button wp-element-button\" download aria-describedby=\"wp-block-file--media-e6f18c71-3e19-4e48-831f-20a139765ffc\">St\u00e1hnout<\/a><\/div>\n\n\n\n<div class=\"wp-block-file\"><a id=\"wp-block-file--media-9ddb6d7f-10cf-492d-802d-acf5f1678275\" href=\"https:\/\/www.jkcarsteam.com\/wp-content\/uploads\/2025\/07\/f5r5.html\" target=\"_blank\" rel=\"noreferrer noopener\">f5r5<\/a><a href=\"https:\/\/www.jkcarsteam.com\/wp-content\/uploads\/2025\/07\/f5r5.html\" class=\"wp-block-file__button wp-element-button\" download aria-describedby=\"wp-block-file--media-9ddb6d7f-10cf-492d-802d-acf5f1678275\">St\u00e1hnout<\/a><\/div>\n\n\n\n<div class=\"wp-block-file\"><a id=\"wp-block-file--media-591e59ec-d981-45d3-aaf4-4537d4ef56a2\" href=\"https:\/\/www.jkcarsteam.com\/wp-content\/uploads\/2025\/07\/f5r6.html\" target=\"_blank\" rel=\"noreferrer noopener\">f5r6<\/a><a href=\"https:\/\/www.jkcarsteam.com\/wp-content\/uploads\/2025\/07\/f5r6.html\" class=\"wp-block-file__button wp-element-button\" download aria-describedby=\"wp-block-file--media-591e59ec-d981-45d3-aaf4-4537d4ef56a2\">St\u00e1hnout<\/a><\/div>\n\n\n\n<div class=\"wp-block-file\"><a id=\"wp-block-file--media-b106babc-48dd-4328-bfa8-51fd5f18ba6f\" href=\"https:\/\/www.jkcarsteam.com\/wp-content\/uploads\/2025\/07\/f6r4.html\" target=\"_blank\" rel=\"noreferrer noopener\">f6r4<\/a><a href=\"https:\/\/www.jkcarsteam.com\/wp-content\/uploads\/2025\/07\/f6r4.html\" class=\"wp-block-file__button wp-element-button\" download aria-describedby=\"wp-block-file--media-b106babc-48dd-4328-bfa8-51fd5f18ba6f\">St\u00e1hnout<\/a><\/div>\n\n\n\n<div class=\"wp-block-file\"><a id=\"wp-block-file--media-22b89b28-8cae-419d-8ae4-9cb7c3f53287\" href=\"https:\/\/www.jkcarsteam.com\/wp-content\/uploads\/2025\/07\/f6r5.html\" target=\"_blank\" rel=\"noreferrer noopener\">f6r5<\/a><a href=\"https:\/\/www.jkcarsteam.com\/wp-content\/uploads\/2025\/07\/f6r5.html\" class=\"wp-block-file__button wp-element-button\" download aria-describedby=\"wp-block-file--media-22b89b28-8cae-419d-8ae4-9cb7c3f53287\">St\u00e1hnout<\/a><\/div>\n\n\n\n<div class=\"wp-block-file\"><a id=\"wp-block-file--media-924c93ff-04a1-4d96-92b2-f67b54ce2349\" href=\"https:\/\/www.jkcarsteam.com\/wp-content\/uploads\/2025\/07\/f6r6.html\" target=\"_blank\" rel=\"noreferrer noopener\">f6r6<\/a><a href=\"https:\/\/www.jkcarsteam.com\/wp-content\/uploads\/2025\/07\/f6r6.html\" class=\"wp-block-file__button wp-element-button\" download aria-describedby=\"wp-block-file--media-924c93ff-04a1-4d96-92b2-f67b54ce2349\">St\u00e1hnout<\/a><\/div>\n\n\n\n<div class=\"wp-block-file\"><a id=\"wp-block-file--media-c6e73eea-5629-4ecd-ba2c-e5b82d341911\" href=\"https:\/\/www.jkcarsteam.com\/wp-content\/uploads\/2025\/07\/f7r4.html\" target=\"_blank\" rel=\"noreferrer noopener\">f7r4<\/a><a href=\"https:\/\/www.jkcarsteam.com\/wp-content\/uploads\/2025\/07\/f7r4.html\" class=\"wp-block-file__button wp-element-button\" download aria-describedby=\"wp-block-file--media-c6e73eea-5629-4ecd-ba2c-e5b82d341911\">St\u00e1hnout<\/a><\/div>\n\n\n\n<div class=\"wp-block-file\"><a id=\"wp-block-file--media-3c9b1682-cbe1-42c4-9321-c44414ed0975\" href=\"https:\/\/www.jkcarsteam.com\/wp-content\/uploads\/2025\/07\/f7r5.html\" target=\"_blank\" rel=\"noreferrer noopener\">f7r5<\/a><a href=\"https:\/\/www.jkcarsteam.com\/wp-content\/uploads\/2025\/07\/f7r5.html\" class=\"wp-block-file__button wp-element-button\" download aria-describedby=\"wp-block-file--media-3c9b1682-cbe1-42c4-9321-c44414ed0975\">St\u00e1hnout<\/a><\/div>\n\n\n\n<div class=\"wp-block-file\"><a id=\"wp-block-file--media-342ee08c-27ee-4cfe-8192-3a9584beb0c1\" href=\"https:\/\/www.jkcarsteam.com\/wp-content\/uploads\/2025\/07\/Finale-IC-Buggy-A.html\" target=\"_blank\" rel=\"noreferrer noopener\">Fin\u00e1le IC Buggy A<\/a><a href=\"https:\/\/www.jkcarsteam.com\/wp-content\/uploads\/2025\/07\/Finale-IC-Buggy-A.html\" class=\"wp-block-file__button wp-element-button\" download aria-describedby=\"wp-block-file--media-342ee08c-27ee-4cfe-8192-3a9584beb0c1\">St\u00e1hnout<\/a><\/div>\n\n\n\n<div class=\"wp-block-file\"><a id=\"wp-block-file--media-92546749-ae3b-4d47-b9d5-d4616c74cfe8\" href=\"https:\/\/www.jkcarsteam.com\/wp-content\/uploads\/2025\/07\/Finale-IC-Buggy-B.html\" target=\"_blank\" rel=\"noreferrer noopener\">Fin\u00e1le IC Buggy B<\/a><a href=\"https:\/\/www.jkcarsteam.com\/wp-content\/uploads\/2025\/07\/Finale-IC-Buggy-B.html\" class=\"wp-block-file__button wp-element-button\" download aria-describedby=\"wp-block-file--media-92546749-ae3b-4d47-b9d5-d4616c74cfe8\">St\u00e1hnout<\/a><\/div>\n\n\n\n<div class=\"wp-block-file\"><a id=\"wp-block-file--media-4e0762af-45b6-474a-b5d0-39a34f4ed84b\" href=\"https:\/\/www.jkcarsteam.com\/wp-content\/uploads\/2025\/07\/Po-kvalifikaci.html\" target=\"_blank\" rel=\"noreferrer noopener\">Po kvalifikaci<\/a><a href=\"https:\/\/www.jkcarsteam.com\/wp-content\/uploads\/2025\/07\/Po-kvalifikaci.html\" class=\"wp-block-file__button wp-element-button\" download aria-describedby=\"wp-block-file--media-4e0762af-45b6-474a-b5d0-39a34f4ed84b\">St\u00e1hnout<\/a><\/div>\n\n\n\n<div data-wp-interactive=\"core\/file\" class=\"wp-block-file\"><object data-wp-bind--hidden=\"!state.hasPdfPreview\" hidden class=\"wp-block-file__embed\" data=\"https:\/\/www.jkcarsteam.com\/wp-content\/uploads\/2025\/07\/Konecene-poradi-Elektro.pdf\" type=\"application\/pdf\" style=\"width:100%;height:600px\" aria-label=\"Vlo\u017eit z Kone\u010den\u00e9 po\u0159ad\u00ed Elektro.\"><\/object><a id=\"wp-block-file--media-f9cada23-8393-4efd-b2ab-bdb335a13f49\" href=\"https:\/\/www.jkcarsteam.com\/wp-content\/uploads\/2025\/07\/Konecene-poradi-Elektro.pdf\" target=\"_blank\" rel=\"noreferrer noopener\">Kone\u010den\u00e9 po\u0159ad\u00ed Elektro<\/a><a href=\"https:\/\/www.jkcarsteam.com\/wp-content\/uploads\/2025\/07\/Konecene-poradi-Elektro.pdf\" class=\"wp-block-file__button wp-element-button\" download aria-describedby=\"wp-block-file--media-f9cada23-8393-4efd-b2ab-bdb335a13f49\">St\u00e1hnout<\/a><\/div>\n","protected":false},"excerpt":{"rendered":"","protected":false},"author":1,"featured_media":0,"parent":0,"menu_order":0,"comment_status":"closed","ping_status":"closed","template":"","meta":{"footnotes":""},"class_list":["post-2736","page","type-page","status-publish","hentry"],"_links":{"self":[{"href":"https:\/\/www.jkcarsteam.com\/index.php?rest_route=\/wp\/v2\/pages\/2736","targetHints":{"allow":["GET"]}}],"collection":[{"href":"https:\/\/www.jkcarsteam.com\/index.php?rest_route=\/wp\/v2\/pages"}],"about":[{"href":"https:\/\/www.jkcarsteam.com\/index.php?rest_route=\/wp\/v2\/types\/page"}],"author":[{"embeddable":true,"href":"https:\/\/www.jkcarsteam.com\/index.php?rest_route=\/wp\/v2\/users\/1"}],"replies":[{"embeddable":true,"href":"https:\/\/www.jkcarsteam.com\/index.php?rest_route=%2Fwp%2Fv2%2Fcomments&post=2736"}],"version-history":[{"count":9,"href":"https:\/\/www.jkcarsteam.com\/index.php?rest_route=\/wp\/v2\/pages\/2736\/revisions"}],"predecessor-version":[{"id":2840,"href":"https:\/\/www.jkcarsteam.com\/index.php?rest_route=\/wp\/v2\/pages\/2736\/revisions\/2840"}],"wp:attachment":[{"href":"https:\/\/www.jkcarsteam.com\/index.php?rest_route=%2Fwp%2Fv2%2Fmedia&parent=2736"}],"curies":[{"name":"wp","href":"https:\/\/api.w.org\/{rel}","templated":true}]}}