{"id":2446,"date":"2023-10-18T06:35:59","date_gmt":"2023-10-18T06:35:59","guid":{"rendered":"https:\/\/www.jkcarsteam.com\/?page_id=2446"},"modified":"2023-10-18T06:35:59","modified_gmt":"2023-10-18T06:35:59","slug":"konecne-poradi-2023","status":"publish","type":"page","link":"https:\/\/www.jkcarsteam.com\/?page_id=2446","title":{"rendered":"Kone\u010dn\u00e9 po\u0159ad\u00ed 2023"},"content":{"rendered":"\n<div data-wp-interactive=\"core\/file\" class=\"wp-block-file\"><object data-wp-bind--hidden=\"!state.hasPdfPreview\" hidden class=\"wp-block-file__embed\" data=\"https:\/\/www.jkcarsteam.com\/wp-content\/uploads\/2023\/10\/RCH2023-1_8E-jun-1.pdf\" type=\"application\/pdf\" style=\"width:100%;height:600px\" aria-label=\"Vlo\u017eit z RCH2023-1_8E-jun-1.\"><\/object><a id=\"wp-block-file--media-e2797ca3-2da6-4a4b-9264-d5c9bbebf75c\" href=\"https:\/\/www.jkcarsteam.com\/wp-content\/uploads\/2023\/10\/RCH2023-1_8E-jun-1.pdf\">RCH2023-1_8E-jun-1<\/a><a href=\"https:\/\/www.jkcarsteam.com\/wp-content\/uploads\/2023\/10\/RCH2023-1_8E-jun-1.pdf\" class=\"wp-block-file__button wp-element-button\" download aria-describedby=\"wp-block-file--media-e2797ca3-2da6-4a4b-9264-d5c9bbebf75c\">St\u00e1hnout<\/a><\/div>\n\n\n\n<div data-wp-interactive=\"core\/file\" class=\"wp-block-file\"><object data-wp-bind--hidden=\"!state.hasPdfPreview\" hidden class=\"wp-block-file__embed\" data=\"https:\/\/www.jkcarsteam.com\/wp-content\/uploads\/2023\/10\/RCH2023-1_8E-sen-1.pdf\" type=\"application\/pdf\" style=\"width:100%;height:600px\" aria-label=\"Vlo\u017eit z RCH2023-1_8E-sen-1.\"><\/object><a id=\"wp-block-file--media-ff6f4f6b-09ad-4903-9f24-f950d5e71459\" href=\"https:\/\/www.jkcarsteam.com\/wp-content\/uploads\/2023\/10\/RCH2023-1_8E-sen-1.pdf\">RCH2023-1_8E-sen-1<\/a><a href=\"https:\/\/www.jkcarsteam.com\/wp-content\/uploads\/2023\/10\/RCH2023-1_8E-sen-1.pdf\" class=\"wp-block-file__button wp-element-button\" download aria-describedby=\"wp-block-file--media-ff6f4f6b-09ad-4903-9f24-f950d5e71459\">St\u00e1hnout<\/a><\/div>\n\n\n\n<div data-wp-interactive=\"core\/file\" class=\"wp-block-file\"><object data-wp-bind--hidden=\"!state.hasPdfPreview\" hidden class=\"wp-block-file__embed\" data=\"https:\/\/www.jkcarsteam.com\/wp-content\/uploads\/2023\/10\/RCH2023-1_8E-1.pdf\" type=\"application\/pdf\" style=\"width:100%;height:600px\" aria-label=\"Vlo\u017eit z RCH2023-1_8E-1.\"><\/object><a id=\"wp-block-file--media-350fdf0e-7b73-4262-9a66-0c0f2d104fa5\" href=\"https:\/\/www.jkcarsteam.com\/wp-content\/uploads\/2023\/10\/RCH2023-1_8E-1.pdf\">RCH2023-1_8E-1<\/a><a href=\"https:\/\/www.jkcarsteam.com\/wp-content\/uploads\/2023\/10\/RCH2023-1_8E-1.pdf\" class=\"wp-block-file__button wp-element-button\" download aria-describedby=\"wp-block-file--media-350fdf0e-7b73-4262-9a66-0c0f2d104fa5\">St\u00e1hnout<\/a><\/div>\n\n\n\n<div data-wp-interactive=\"core\/file\" class=\"wp-block-file\"><object data-wp-bind--hidden=\"!state.hasPdfPreview\" hidden class=\"wp-block-file__embed\" data=\"https:\/\/www.jkcarsteam.com\/wp-content\/uploads\/2023\/10\/RCH2023-1_8IC-jun-1.pdf\" type=\"application\/pdf\" style=\"width:100%;height:600px\" aria-label=\"Vlo\u017eit z RCH2023-1_8IC-jun-1.\"><\/object><a id=\"wp-block-file--media-d14884ac-fae4-48cc-aa0f-fbc5f72d5550\" href=\"https:\/\/www.jkcarsteam.com\/wp-content\/uploads\/2023\/10\/RCH2023-1_8IC-jun-1.pdf\">RCH2023-1_8IC-jun-1<\/a><a href=\"https:\/\/www.jkcarsteam.com\/wp-content\/uploads\/2023\/10\/RCH2023-1_8IC-jun-1.pdf\" class=\"wp-block-file__button wp-element-button\" download aria-describedby=\"wp-block-file--media-d14884ac-fae4-48cc-aa0f-fbc5f72d5550\">St\u00e1hnout<\/a><\/div>\n\n\n\n<div data-wp-interactive=\"core\/file\" class=\"wp-block-file\"><object data-wp-bind--hidden=\"!state.hasPdfPreview\" hidden class=\"wp-block-file__embed\" data=\"https:\/\/www.jkcarsteam.com\/wp-content\/uploads\/2023\/10\/RCH2023-1_8IC-sen-1.pdf\" type=\"application\/pdf\" style=\"width:100%;height:600px\" aria-label=\"Vlo\u017eit z RCH2023-1_8IC-sen-1.\"><\/object><a id=\"wp-block-file--media-4e5ef7f0-5fc4-448e-8905-449274c00f25\" href=\"https:\/\/www.jkcarsteam.com\/wp-content\/uploads\/2023\/10\/RCH2023-1_8IC-sen-1.pdf\">RCH2023-1_8IC-sen-1<\/a><a href=\"https:\/\/www.jkcarsteam.com\/wp-content\/uploads\/2023\/10\/RCH2023-1_8IC-sen-1.pdf\" class=\"wp-block-file__button wp-element-button\" download aria-describedby=\"wp-block-file--media-4e5ef7f0-5fc4-448e-8905-449274c00f25\">St\u00e1hnout<\/a><\/div>\n\n\n\n<div data-wp-interactive=\"core\/file\" class=\"wp-block-file\"><object data-wp-bind--hidden=\"!state.hasPdfPreview\" hidden class=\"wp-block-file__embed\" data=\"https:\/\/www.jkcarsteam.com\/wp-content\/uploads\/2023\/10\/RCH2023-1_8IC-1.pdf\" type=\"application\/pdf\" style=\"width:100%;height:600px\" aria-label=\"Vlo\u017eit z RCH2023-1_8IC-1.\"><\/object><a id=\"wp-block-file--media-b891077f-3892-4bf4-94b9-670745ba914a\" href=\"https:\/\/www.jkcarsteam.com\/wp-content\/uploads\/2023\/10\/RCH2023-1_8IC-1.pdf\">RCH2023-1_8IC-1<\/a><a href=\"https:\/\/www.jkcarsteam.com\/wp-content\/uploads\/2023\/10\/RCH2023-1_8IC-1.pdf\" class=\"wp-block-file__button wp-element-button\" download aria-describedby=\"wp-block-file--media-b891077f-3892-4bf4-94b9-670745ba914a\">St\u00e1hnout<\/a><\/div>\n\n\n\n<div data-wp-interactive=\"core\/file\" class=\"wp-block-file\"><object data-wp-bind--hidden=\"!state.hasPdfPreview\" hidden class=\"wp-block-file__embed\" data=\"https:\/\/www.jkcarsteam.com\/wp-content\/uploads\/2023\/10\/RCH2023-1_104WD-jun-1.pdf\" type=\"application\/pdf\" style=\"width:100%;height:600px\" aria-label=\"Vlo\u017eit z RCH2023-1_104WD-jun-1.\"><\/object><a id=\"wp-block-file--media-b72def77-5a44-4bbb-9e90-a490932763d7\" href=\"https:\/\/www.jkcarsteam.com\/wp-content\/uploads\/2023\/10\/RCH2023-1_104WD-jun-1.pdf\">RCH2023-1_104WD-jun-1<\/a><a href=\"https:\/\/www.jkcarsteam.com\/wp-content\/uploads\/2023\/10\/RCH2023-1_104WD-jun-1.pdf\" class=\"wp-block-file__button wp-element-button\" download aria-describedby=\"wp-block-file--media-b72def77-5a44-4bbb-9e90-a490932763d7\">St\u00e1hnout<\/a><\/div>\n\n\n\n<div data-wp-interactive=\"core\/file\" class=\"wp-block-file\"><object data-wp-bind--hidden=\"!state.hasPdfPreview\" hidden class=\"wp-block-file__embed\" data=\"https:\/\/www.jkcarsteam.com\/wp-content\/uploads\/2023\/10\/RCH2023-1_104WD-sen-1.pdf\" type=\"application\/pdf\" style=\"width:100%;height:600px\" aria-label=\"Vlo\u017eit z RCH2023-1_104WD-sen-1.\"><\/object><a id=\"wp-block-file--media-f07d84e4-d3be-457b-b023-760b0dfa5b26\" href=\"https:\/\/www.jkcarsteam.com\/wp-content\/uploads\/2023\/10\/RCH2023-1_104WD-sen-1.pdf\">RCH2023-1_104WD-sen-1<\/a><a href=\"https:\/\/www.jkcarsteam.com\/wp-content\/uploads\/2023\/10\/RCH2023-1_104WD-sen-1.pdf\" class=\"wp-block-file__button wp-element-button\" download aria-describedby=\"wp-block-file--media-f07d84e4-d3be-457b-b023-760b0dfa5b26\">St\u00e1hnout<\/a><\/div>\n\n\n\n<div data-wp-interactive=\"core\/file\" class=\"wp-block-file\"><object data-wp-bind--hidden=\"!state.hasPdfPreview\" hidden class=\"wp-block-file__embed\" data=\"https:\/\/www.jkcarsteam.com\/wp-content\/uploads\/2023\/10\/RCH2023-1_104WD-1.pdf\" type=\"application\/pdf\" style=\"width:100%;height:600px\" aria-label=\"Vlo\u017eit z RCH2023-1_104WD-1.\"><\/object><a id=\"wp-block-file--media-54827a75-907f-457a-8786-41d70f94e694\" href=\"https:\/\/www.jkcarsteam.com\/wp-content\/uploads\/2023\/10\/RCH2023-1_104WD-1.pdf\">RCH2023-1_104WD-1<\/a><a href=\"https:\/\/www.jkcarsteam.com\/wp-content\/uploads\/2023\/10\/RCH2023-1_104WD-1.pdf\" class=\"wp-block-file__button wp-element-button\" download aria-describedby=\"wp-block-file--media-54827a75-907f-457a-8786-41d70f94e694\">St\u00e1hnout<\/a><\/div>\n\n\n\n<div data-wp-interactive=\"core\/file\" class=\"wp-block-file\"><object data-wp-bind--hidden=\"!state.hasPdfPreview\" hidden class=\"wp-block-file__embed\" data=\"https:\/\/www.jkcarsteam.com\/wp-content\/uploads\/2023\/10\/RCH2023-MT-jun-1.pdf\" type=\"application\/pdf\" style=\"width:100%;height:600px\" aria-label=\"Vlo\u017eit z RCH2023-MT-jun-1.\"><\/object><a id=\"wp-block-file--media-ad4f94ae-04a2-4c19-958f-911fb1ae975d\" href=\"https:\/\/www.jkcarsteam.com\/wp-content\/uploads\/2023\/10\/RCH2023-MT-jun-1.pdf\">RCH2023-MT-jun-1<\/a><a href=\"https:\/\/www.jkcarsteam.com\/wp-content\/uploads\/2023\/10\/RCH2023-MT-jun-1.pdf\" class=\"wp-block-file__button wp-element-button\" download aria-describedby=\"wp-block-file--media-ad4f94ae-04a2-4c19-958f-911fb1ae975d\">St\u00e1hnout<\/a><\/div>\n\n\n\n<div data-wp-interactive=\"core\/file\" class=\"wp-block-file\"><object data-wp-bind--hidden=\"!state.hasPdfPreview\" hidden class=\"wp-block-file__embed\" data=\"https:\/\/www.jkcarsteam.com\/wp-content\/uploads\/2023\/10\/RCH2023-MT-sen-1.pdf\" type=\"application\/pdf\" style=\"width:100%;height:600px\" aria-label=\"Vlo\u017eit z RCH2023-MT-sen-1.\"><\/object><a id=\"wp-block-file--media-3634625b-e4f2-4eb7-a938-296773fdb6f3\" href=\"https:\/\/www.jkcarsteam.com\/wp-content\/uploads\/2023\/10\/RCH2023-MT-sen-1.pdf\">RCH2023-MT-sen-1<\/a><a href=\"https:\/\/www.jkcarsteam.com\/wp-content\/uploads\/2023\/10\/RCH2023-MT-sen-1.pdf\" class=\"wp-block-file__button wp-element-button\" download aria-describedby=\"wp-block-file--media-3634625b-e4f2-4eb7-a938-296773fdb6f3\">St\u00e1hnout<\/a><\/div>\n\n\n\n<div data-wp-interactive=\"core\/file\" class=\"wp-block-file\"><object data-wp-bind--hidden=\"!state.hasPdfPreview\" hidden class=\"wp-block-file__embed\" data=\"https:\/\/www.jkcarsteam.com\/wp-content\/uploads\/2023\/10\/RCH2023-MT-1.pdf\" type=\"application\/pdf\" style=\"width:100%;height:600px\" aria-label=\"Vlo\u017eit z RCH2023-MT-1.\"><\/object><a id=\"wp-block-file--media-d0ae47d0-fadf-4e97-91d4-56849d959654\" href=\"https:\/\/www.jkcarsteam.com\/wp-content\/uploads\/2023\/10\/RCH2023-MT-1.pdf\">RCH2023-MT-1<\/a><a href=\"https:\/\/www.jkcarsteam.com\/wp-content\/uploads\/2023\/10\/RCH2023-MT-1.pdf\" class=\"wp-block-file__button wp-element-button\" download aria-describedby=\"wp-block-file--media-d0ae47d0-fadf-4e97-91d4-56849d959654\">St\u00e1hnout<\/a><\/div>\n\n\n\n<div data-wp-interactive=\"core\/file\" class=\"wp-block-file\"><object data-wp-bind--hidden=\"!state.hasPdfPreview\" hidden class=\"wp-block-file__embed\" data=\"https:\/\/www.jkcarsteam.com\/wp-content\/uploads\/2023\/10\/RCH2023-SC2WD-jun-1.pdf\" type=\"application\/pdf\" style=\"width:100%;height:600px\" aria-label=\"Vlo\u017eit z RCH2023-SC2WD-jun-1.\"><\/object><a id=\"wp-block-file--media-11f99888-0db3-4cbe-937e-3eebde576224\" href=\"https:\/\/www.jkcarsteam.com\/wp-content\/uploads\/2023\/10\/RCH2023-SC2WD-jun-1.pdf\">RCH2023-SC2WD-jun-1<\/a><a href=\"https:\/\/www.jkcarsteam.com\/wp-content\/uploads\/2023\/10\/RCH2023-SC2WD-jun-1.pdf\" class=\"wp-block-file__button wp-element-button\" download aria-describedby=\"wp-block-file--media-11f99888-0db3-4cbe-937e-3eebde576224\">St\u00e1hnout<\/a><\/div>\n\n\n\n<div data-wp-interactive=\"core\/file\" class=\"wp-block-file\"><object data-wp-bind--hidden=\"!state.hasPdfPreview\" hidden class=\"wp-block-file__embed\" data=\"https:\/\/www.jkcarsteam.com\/wp-content\/uploads\/2023\/10\/RCH2023-SC2WD-sen-1.pdf\" type=\"application\/pdf\" style=\"width:100%;height:600px\" aria-label=\"Vlo\u017eit z RCH2023-SC2WD-sen-1.\"><\/object><a id=\"wp-block-file--media-ef33a8a7-18b8-4c0e-be26-c5dd5ab533dd\" href=\"https:\/\/www.jkcarsteam.com\/wp-content\/uploads\/2023\/10\/RCH2023-SC2WD-sen-1.pdf\">RCH2023-SC2WD-sen-1<\/a><a href=\"https:\/\/www.jkcarsteam.com\/wp-content\/uploads\/2023\/10\/RCH2023-SC2WD-sen-1.pdf\" class=\"wp-block-file__button wp-element-button\" download aria-describedby=\"wp-block-file--media-ef33a8a7-18b8-4c0e-be26-c5dd5ab533dd\">St\u00e1hnout<\/a><\/div>\n\n\n\n<div data-wp-interactive=\"core\/file\" class=\"wp-block-file\"><object data-wp-bind--hidden=\"!state.hasPdfPreview\" hidden class=\"wp-block-file__embed\" data=\"https:\/\/www.jkcarsteam.com\/wp-content\/uploads\/2023\/10\/RCH2023-SC2WD-1.pdf\" type=\"application\/pdf\" style=\"width:100%;height:600px\" aria-label=\"Vlo\u017eit z RCH2023-SC2WD-1.\"><\/object><a id=\"wp-block-file--media-46a3c2c0-4168-4076-971c-9c9dba002dbb\" href=\"https:\/\/www.jkcarsteam.com\/wp-content\/uploads\/2023\/10\/RCH2023-SC2WD-1.pdf\">RCH2023-SC2WD-1<\/a><a href=\"https:\/\/www.jkcarsteam.com\/wp-content\/uploads\/2023\/10\/RCH2023-SC2WD-1.pdf\" class=\"wp-block-file__button wp-element-button\" download aria-describedby=\"wp-block-file--media-46a3c2c0-4168-4076-971c-9c9dba002dbb\">St\u00e1hnout<\/a><\/div>\n\n\n\n<div data-wp-interactive=\"core\/file\" class=\"wp-block-file\"><object data-wp-bind--hidden=\"!state.hasPdfPreview\" hidden class=\"wp-block-file__embed\" data=\"https:\/\/www.jkcarsteam.com\/wp-content\/uploads\/2023\/10\/RCH2023-SC4WD-jun-1.pdf\" type=\"application\/pdf\" style=\"width:100%;height:600px\" aria-label=\"Vlo\u017eit z RCH2023-SC4WD-jun-1.\"><\/object><a id=\"wp-block-file--media-596deafc-e786-4eed-911e-53a0f834988d\" href=\"https:\/\/www.jkcarsteam.com\/wp-content\/uploads\/2023\/10\/RCH2023-SC4WD-jun-1.pdf\">RCH2023-SC4WD-jun-1<\/a><a href=\"https:\/\/www.jkcarsteam.com\/wp-content\/uploads\/2023\/10\/RCH2023-SC4WD-jun-1.pdf\" class=\"wp-block-file__button wp-element-button\" download aria-describedby=\"wp-block-file--media-596deafc-e786-4eed-911e-53a0f834988d\">St\u00e1hnout<\/a><\/div>\n\n\n\n<div data-wp-interactive=\"core\/file\" class=\"wp-block-file\"><object data-wp-bind--hidden=\"!state.hasPdfPreview\" hidden class=\"wp-block-file__embed\" data=\"https:\/\/www.jkcarsteam.com\/wp-content\/uploads\/2023\/10\/RCH2023-SC4WD-sen-1.pdf\" type=\"application\/pdf\" style=\"width:100%;height:600px\" aria-label=\"Vlo\u017eit z RCH2023-SC4WD-sen-1.\"><\/object><a id=\"wp-block-file--media-d1eb5e80-d861-4229-be06-1ab2b47cf4fb\" href=\"https:\/\/www.jkcarsteam.com\/wp-content\/uploads\/2023\/10\/RCH2023-SC4WD-sen-1.pdf\">RCH2023-SC4WD-sen-1<\/a><a href=\"https:\/\/www.jkcarsteam.com\/wp-content\/uploads\/2023\/10\/RCH2023-SC4WD-sen-1.pdf\" class=\"wp-block-file__button wp-element-button\" download aria-describedby=\"wp-block-file--media-d1eb5e80-d861-4229-be06-1ab2b47cf4fb\">St\u00e1hnout<\/a><\/div>\n\n\n\n<div data-wp-interactive=\"core\/file\" class=\"wp-block-file\"><object data-wp-bind--hidden=\"!state.hasPdfPreview\" hidden class=\"wp-block-file__embed\" data=\"https:\/\/www.jkcarsteam.com\/wp-content\/uploads\/2023\/10\/RCH2023-SC4WD-1.pdf\" type=\"application\/pdf\" style=\"width:100%;height:600px\" aria-label=\"Vlo\u017eit z RCH2023-SC4WD-1.\"><\/object><a id=\"wp-block-file--media-0c73dc3c-1609-49c9-add6-470ca415032a\" href=\"https:\/\/www.jkcarsteam.com\/wp-content\/uploads\/2023\/10\/RCH2023-SC4WD-1.pdf\">RCH2023-SC4WD-1<\/a><a href=\"https:\/\/www.jkcarsteam.com\/wp-content\/uploads\/2023\/10\/RCH2023-SC4WD-1.pdf\" class=\"wp-block-file__button wp-element-button\" download aria-describedby=\"wp-block-file--media-0c73dc3c-1609-49c9-add6-470ca415032a\">St\u00e1hnout<\/a><\/div>\n","protected":false},"excerpt":{"rendered":"","protected":false},"author":1,"featured_media":0,"parent":2225,"menu_order":0,"comment_status":"closed","ping_status":"closed","template":"","meta":{"footnotes":""},"class_list":["post-2446","page","type-page","status-publish","hentry"],"_links":{"self":[{"href":"https:\/\/www.jkcarsteam.com\/index.php?rest_route=\/wp\/v2\/pages\/2446","targetHints":{"allow":["GET"]}}],"collection":[{"href":"https:\/\/www.jkcarsteam.com\/index.php?rest_route=\/wp\/v2\/pages"}],"about":[{"href":"https:\/\/www.jkcarsteam.com\/index.php?rest_route=\/wp\/v2\/types\/page"}],"author":[{"embeddable":true,"href":"https:\/\/www.jkcarsteam.com\/index.php?rest_route=\/wp\/v2\/users\/1"}],"replies":[{"embeddable":true,"href":"https:\/\/www.jkcarsteam.com\/index.php?rest_route=%2Fwp%2Fv2%2Fcomments&post=2446"}],"version-history":[{"count":1,"href":"https:\/\/www.jkcarsteam.com\/index.php?rest_route=\/wp\/v2\/pages\/2446\/revisions"}],"predecessor-version":[{"id":2465,"href":"https:\/\/www.jkcarsteam.com\/index.php?rest_route=\/wp\/v2\/pages\/2446\/revisions\/2465"}],"up":[{"embeddable":true,"href":"https:\/\/www.jkcarsteam.com\/index.php?rest_route=\/wp\/v2\/pages\/2225"}],"wp:attachment":[{"href":"https:\/\/www.jkcarsteam.com\/index.php?rest_route=%2Fwp%2Fv2%2Fmedia&parent=2446"}],"curies":[{"name":"wp","href":"https:\/\/api.w.org\/{rel}","templated":true}]}}