{"id":22,"date":"2019-08-20T20:49:37","date_gmt":"2019-08-20T20:49:37","guid":{"rendered":"http:\/\/www.jkcarsteam.com\/?page_id=22"},"modified":"2026-04-16T05:34:26","modified_gmt":"2026-04-16T05:34:26","slug":"registrace-do-zavodu","status":"publish","type":"page","link":"https:\/\/www.jkcarsteam.com\/?page_id=22","title":{"rendered":"Registrace do z\u00e1vodu"},"content":{"rendered":"\n<div class=\"wp-block-button is-style-fill\"><a class=\"wp-block-button__link has-black-color has-luminous-vivid-amber-background-color has-text-color has-background has-link-color has-medium-font-size has-text-align-center has-custom-font-size wp-element-button\" href=\"http:\/\/registrace.jkcarsteam.com\/registration\/registration\" style=\"border-radius:8px\"><strong>Registrace do z\u00e1vodu<\/strong><\/a><\/div>\n\n\n\n<div style=\"height:14px\" aria-hidden=\"true\" class=\"wp-block-spacer\"><\/div>\n\n\n\n<div class=\"wp-block-button is-style-fill\"><a class=\"wp-block-button__link has-white-color has-black-background-color has-text-color has-background has-link-color has-medium-font-size has-text-align-center has-custom-font-size wp-element-button\" href=\"http:\/\/registrace.jkcarsteam.com\/registration\/list\" style=\"border-radius:8px\"><strong>Seznam p\u0159ihl\u00e1\u0161en\u00fdch<\/strong><\/a><\/div>\n\n\n\n<div style=\"height:37px\" aria-hidden=\"true\" class=\"wp-block-spacer\"><\/div>\n\n\n\n<figure class=\"wp-block-image size-large\"><img loading=\"lazy\" decoding=\"async\" width=\"738\" height=\"1024\" src=\"http:\/\/www.jkcarsteam.com\/wp-content\/uploads\/2026\/04\/1_2026-738x1024.jpg\" alt=\"\" class=\"wp-image-2918\" srcset=\"https:\/\/www.jkcarsteam.com\/wp-content\/uploads\/2026\/04\/1_2026-738x1024.jpg 738w, https:\/\/www.jkcarsteam.com\/wp-content\/uploads\/2026\/04\/1_2026-216x300.jpg 216w, https:\/\/www.jkcarsteam.com\/wp-content\/uploads\/2026\/04\/1_2026-768x1066.jpg 768w, https:\/\/www.jkcarsteam.com\/wp-content\/uploads\/2026\/04\/1_2026-1107x1536.jpg 1107w, https:\/\/www.jkcarsteam.com\/wp-content\/uploads\/2026\/04\/1_2026-1476x2048.jpg 1476w, https:\/\/www.jkcarsteam.com\/wp-content\/uploads\/2026\/04\/1_2026-scaled.jpg 1844w\" sizes=\"auto, (max-width: 738px) 100vw, 738px\" \/><\/figure>\n","protected":false},"excerpt":{"rendered":"","protected":false},"author":1,"featured_media":0,"parent":0,"menu_order":0,"comment_status":"closed","ping_status":"closed","template":"","meta":{"footnotes":""},"class_list":["post-22","page","type-page","status-publish","hentry"],"_links":{"self":[{"href":"https:\/\/www.jkcarsteam.com\/index.php?rest_route=\/wp\/v2\/pages\/22","targetHints":{"allow":["GET"]}}],"collection":[{"href":"https:\/\/www.jkcarsteam.com\/index.php?rest_route=\/wp\/v2\/pages"}],"about":[{"href":"https:\/\/www.jkcarsteam.com\/index.php?rest_route=\/wp\/v2\/types\/page"}],"author":[{"embeddable":true,"href":"https:\/\/www.jkcarsteam.com\/index.php?rest_route=\/wp\/v2\/users\/1"}],"replies":[{"embeddable":true,"href":"https:\/\/www.jkcarsteam.com\/index.php?rest_route=%2Fwp%2Fv2%2Fcomments&post=22"}],"version-history":[{"count":67,"href":"https:\/\/www.jkcarsteam.com\/index.php?rest_route=\/wp\/v2\/pages\/22\/revisions"}],"predecessor-version":[{"id":2920,"href":"https:\/\/www.jkcarsteam.com\/index.php?rest_route=\/wp\/v2\/pages\/22\/revisions\/2920"}],"wp:attachment":[{"href":"https:\/\/www.jkcarsteam.com\/index.php?rest_route=%2Fwp%2Fv2%2Fmedia&parent=22"}],"curies":[{"name":"wp","href":"https:\/\/api.w.org\/{rel}","templated":true}]}}