{"id":2172,"date":"2022-10-10T11:46:47","date_gmt":"2022-10-10T11:46:47","guid":{"rendered":"https:\/\/www.jkcarsteam.com\/?page_id=2172"},"modified":"2022-10-10T11:46:47","modified_gmt":"2022-10-10T11:46:47","slug":"konecne-poradi-2022","status":"publish","type":"page","link":"https:\/\/www.jkcarsteam.com\/?page_id=2172","title":{"rendered":"Kone\u010dn\u00e9 po\u0159ad\u00ed 2022"},"content":{"rendered":"\n<div data-wp-interactive=\"core\/file\" class=\"wp-block-file\"><object data-wp-bind--hidden=\"!state.hasPdfPreview\" hidden class=\"wp-block-file__embed\" data=\"https:\/\/www.jkcarsteam.com\/wp-content\/uploads\/2022\/10\/RCH2022-1_8E-jun.pdf\" type=\"application\/pdf\" style=\"width:100%;height:600px\" aria-label=\"Vlo\u017eit z Vlo\u017eit z RCH2022-1_8E-jun..\"><\/object><a href=\"https:\/\/www.jkcarsteam.com\/wp-content\/uploads\/2022\/10\/RCH2022-1_8E-jun.pdf\">RCH2022-1_8E-jun<\/a><a href=\"https:\/\/www.jkcarsteam.com\/wp-content\/uploads\/2022\/10\/RCH2022-1_8E-jun.pdf\" class=\"wp-block-file__button\" download>St\u00e1hnout<\/a><\/div>\n\n\n\n<div data-wp-interactive=\"core\/file\" class=\"wp-block-file\"><object data-wp-bind--hidden=\"!state.hasPdfPreview\" hidden class=\"wp-block-file__embed\" data=\"https:\/\/www.jkcarsteam.com\/wp-content\/uploads\/2022\/10\/RCH2022-1_8E-sen.pdf\" type=\"application\/pdf\" style=\"width:100%;height:600px\" aria-label=\"Vlo\u017eit z Vlo\u017eit z RCH2022-1_8E-sen..\"><\/object><a href=\"https:\/\/www.jkcarsteam.com\/wp-content\/uploads\/2022\/10\/RCH2022-1_8E-sen.pdf\">RCH2022-1_8E-sen<\/a><a href=\"https:\/\/www.jkcarsteam.com\/wp-content\/uploads\/2022\/10\/RCH2022-1_8E-sen.pdf\" class=\"wp-block-file__button\" download>St\u00e1hnout<\/a><\/div>\n\n\n\n<div data-wp-interactive=\"core\/file\" class=\"wp-block-file\"><object data-wp-bind--hidden=\"!state.hasPdfPreview\" hidden class=\"wp-block-file__embed\" data=\"https:\/\/www.jkcarsteam.com\/wp-content\/uploads\/2022\/10\/RCH2022-1_8E.pdf\" type=\"application\/pdf\" style=\"width:100%;height:600px\" aria-label=\"Vlo\u017eit z Vlo\u017eit z RCH2022-1_8E..\"><\/object><a href=\"https:\/\/www.jkcarsteam.com\/wp-content\/uploads\/2022\/10\/RCH2022-1_8E.pdf\">RCH2022-1_8E<\/a><a href=\"https:\/\/www.jkcarsteam.com\/wp-content\/uploads\/2022\/10\/RCH2022-1_8E.pdf\" class=\"wp-block-file__button\" download>St\u00e1hnout<\/a><\/div>\n\n\n\n<div data-wp-interactive=\"core\/file\" class=\"wp-block-file\"><object data-wp-bind--hidden=\"!state.hasPdfPreview\" hidden class=\"wp-block-file__embed\" data=\"https:\/\/www.jkcarsteam.com\/wp-content\/uploads\/2022\/10\/RCH2022-1_104WD-jun.pdf\" type=\"application\/pdf\" style=\"width:100%;height:600px\" aria-label=\"Vlo\u017eit z Vlo\u017eit z RCH2022-1_104WD-jun..\"><\/object><a href=\"https:\/\/www.jkcarsteam.com\/wp-content\/uploads\/2022\/10\/RCH2022-1_104WD-jun.pdf\">RCH2022-1_104WD-jun<\/a><a href=\"https:\/\/www.jkcarsteam.com\/wp-content\/uploads\/2022\/10\/RCH2022-1_104WD-jun.pdf\" class=\"wp-block-file__button\" download>St\u00e1hnout<\/a><\/div>\n\n\n\n<div data-wp-interactive=\"core\/file\" class=\"wp-block-file\"><object data-wp-bind--hidden=\"!state.hasPdfPreview\" hidden class=\"wp-block-file__embed\" data=\"https:\/\/www.jkcarsteam.com\/wp-content\/uploads\/2022\/10\/RCH2022-1_104WD-sen.pdf\" type=\"application\/pdf\" style=\"width:100%;height:600px\" aria-label=\"Vlo\u017eit z Vlo\u017eit z RCH2022-1_104WD-sen..\"><\/object><a href=\"https:\/\/www.jkcarsteam.com\/wp-content\/uploads\/2022\/10\/RCH2022-1_104WD-sen.pdf\">RCH2022-1_104WD-sen<\/a><a href=\"https:\/\/www.jkcarsteam.com\/wp-content\/uploads\/2022\/10\/RCH2022-1_104WD-sen.pdf\" class=\"wp-block-file__button\" download>St\u00e1hnout<\/a><\/div>\n\n\n\n<div data-wp-interactive=\"core\/file\" class=\"wp-block-file\"><object data-wp-bind--hidden=\"!state.hasPdfPreview\" hidden class=\"wp-block-file__embed\" data=\"https:\/\/www.jkcarsteam.com\/wp-content\/uploads\/2022\/10\/RCH2022-1_104WD.pdf\" type=\"application\/pdf\" style=\"width:100%;height:600px\" aria-label=\"Vlo\u017eit z Vlo\u017eit z RCH2022-1_104WD..\"><\/object><a href=\"https:\/\/www.jkcarsteam.com\/wp-content\/uploads\/2022\/10\/RCH2022-1_104WD.pdf\">RCH2022-1_104WD<\/a><a href=\"https:\/\/www.jkcarsteam.com\/wp-content\/uploads\/2022\/10\/RCH2022-1_104WD.pdf\" class=\"wp-block-file__button\" download>St\u00e1hnout<\/a><\/div>\n\n\n\n<div data-wp-interactive=\"core\/file\" class=\"wp-block-file\"><object data-wp-bind--hidden=\"!state.hasPdfPreview\" hidden class=\"wp-block-file__embed\" data=\"https:\/\/www.jkcarsteam.com\/wp-content\/uploads\/2022\/10\/RCH2022-IC-jun.pdf\" type=\"application\/pdf\" style=\"width:100%;height:600px\" aria-label=\"Vlo\u017eit z Vlo\u017eit z RCH2022-IC-jun..\"><\/object><a href=\"https:\/\/www.jkcarsteam.com\/wp-content\/uploads\/2022\/10\/RCH2022-IC-jun.pdf\">RCH2022-IC-jun<\/a><a href=\"https:\/\/www.jkcarsteam.com\/wp-content\/uploads\/2022\/10\/RCH2022-IC-jun.pdf\" class=\"wp-block-file__button\" download>St\u00e1hnout<\/a><\/div>\n\n\n\n<div data-wp-interactive=\"core\/file\" class=\"wp-block-file\"><object data-wp-bind--hidden=\"!state.hasPdfPreview\" hidden class=\"wp-block-file__embed\" data=\"https:\/\/www.jkcarsteam.com\/wp-content\/uploads\/2022\/10\/RCH2022-IC-sen.pdf\" type=\"application\/pdf\" style=\"width:100%;height:600px\" aria-label=\"Vlo\u017eit z Vlo\u017eit z RCH2022-IC-sen..\"><\/object><a href=\"https:\/\/www.jkcarsteam.com\/wp-content\/uploads\/2022\/10\/RCH2022-IC-sen.pdf\">RCH2022-IC-sen<\/a><a href=\"https:\/\/www.jkcarsteam.com\/wp-content\/uploads\/2022\/10\/RCH2022-IC-sen.pdf\" class=\"wp-block-file__button\" download>St\u00e1hnout<\/a><\/div>\n\n\n\n<div data-wp-interactive=\"core\/file\" class=\"wp-block-file\"><object data-wp-bind--hidden=\"!state.hasPdfPreview\" hidden class=\"wp-block-file__embed\" data=\"https:\/\/www.jkcarsteam.com\/wp-content\/uploads\/2022\/10\/RCH2022-IC.pdf\" type=\"application\/pdf\" style=\"width:100%;height:600px\" aria-label=\"Vlo\u017eit z Vlo\u017eit z RCH2022-IC..\"><\/object><a href=\"https:\/\/www.jkcarsteam.com\/wp-content\/uploads\/2022\/10\/RCH2022-IC.pdf\">RCH2022-IC<\/a><a href=\"https:\/\/www.jkcarsteam.com\/wp-content\/uploads\/2022\/10\/RCH2022-IC.pdf\" class=\"wp-block-file__button\" download>St\u00e1hnout<\/a><\/div>\n\n\n\n<div data-wp-interactive=\"core\/file\" class=\"wp-block-file\"><object data-wp-bind--hidden=\"!state.hasPdfPreview\" hidden class=\"wp-block-file__embed\" data=\"https:\/\/www.jkcarsteam.com\/wp-content\/uploads\/2022\/10\/RCH2022-MT-jun.pdf\" type=\"application\/pdf\" style=\"width:100%;height:600px\" aria-label=\"Vlo\u017eit z Vlo\u017eit z RCH2022-MT-jun..\"><\/object><a href=\"https:\/\/www.jkcarsteam.com\/wp-content\/uploads\/2022\/10\/RCH2022-MT-jun.pdf\">RCH2022-MT-jun<\/a><a href=\"https:\/\/www.jkcarsteam.com\/wp-content\/uploads\/2022\/10\/RCH2022-MT-jun.pdf\" class=\"wp-block-file__button\" download>St\u00e1hnout<\/a><\/div>\n\n\n\n<div data-wp-interactive=\"core\/file\" class=\"wp-block-file\"><object data-wp-bind--hidden=\"!state.hasPdfPreview\" hidden class=\"wp-block-file__embed\" data=\"https:\/\/www.jkcarsteam.com\/wp-content\/uploads\/2022\/10\/RCH2022-MT-sen.pdf\" type=\"application\/pdf\" style=\"width:100%;height:600px\" aria-label=\"Vlo\u017eit z Vlo\u017eit z RCH2022-MT-sen..\"><\/object><a href=\"https:\/\/www.jkcarsteam.com\/wp-content\/uploads\/2022\/10\/RCH2022-MT-sen.pdf\">RCH2022-MT-sen<\/a><a href=\"https:\/\/www.jkcarsteam.com\/wp-content\/uploads\/2022\/10\/RCH2022-MT-sen.pdf\" class=\"wp-block-file__button\" download>St\u00e1hnout<\/a><\/div>\n\n\n\n<div data-wp-interactive=\"core\/file\" class=\"wp-block-file\"><object data-wp-bind--hidden=\"!state.hasPdfPreview\" hidden class=\"wp-block-file__embed\" data=\"https:\/\/www.jkcarsteam.com\/wp-content\/uploads\/2022\/10\/RCH2022-MT.pdf\" type=\"application\/pdf\" style=\"width:100%;height:600px\" aria-label=\"Vlo\u017eit z Vlo\u017eit z RCH2022-MT..\"><\/object><a href=\"https:\/\/www.jkcarsteam.com\/wp-content\/uploads\/2022\/10\/RCH2022-MT.pdf\">RCH2022-MT<\/a><a href=\"https:\/\/www.jkcarsteam.com\/wp-content\/uploads\/2022\/10\/RCH2022-MT.pdf\" class=\"wp-block-file__button\" download>St\u00e1hnout<\/a><\/div>\n\n\n\n<div data-wp-interactive=\"core\/file\" class=\"wp-block-file\"><object data-wp-bind--hidden=\"!state.hasPdfPreview\" hidden class=\"wp-block-file__embed\" data=\"https:\/\/www.jkcarsteam.com\/wp-content\/uploads\/2022\/10\/RCH2022-SC2WD-jun.pdf\" type=\"application\/pdf\" style=\"width:100%;height:600px\" aria-label=\"Vlo\u017eit z Vlo\u017eit z RCH2022-SC2WD-jun..\"><\/object><a href=\"https:\/\/www.jkcarsteam.com\/wp-content\/uploads\/2022\/10\/RCH2022-SC2WD-jun.pdf\">RCH2022-SC2WD-jun<\/a><a href=\"https:\/\/www.jkcarsteam.com\/wp-content\/uploads\/2022\/10\/RCH2022-SC2WD-jun.pdf\" class=\"wp-block-file__button\" download>St\u00e1hnout<\/a><\/div>\n\n\n\n<div data-wp-interactive=\"core\/file\" class=\"wp-block-file\"><object data-wp-bind--hidden=\"!state.hasPdfPreview\" hidden class=\"wp-block-file__embed\" data=\"https:\/\/www.jkcarsteam.com\/wp-content\/uploads\/2022\/10\/RCH2022-SC2WD-sen.pdf\" type=\"application\/pdf\" style=\"width:100%;height:600px\" aria-label=\"Vlo\u017eit z Vlo\u017eit z RCH2022-SC2WD-sen..\"><\/object><a href=\"https:\/\/www.jkcarsteam.com\/wp-content\/uploads\/2022\/10\/RCH2022-SC2WD-sen.pdf\">RCH2022-SC2WD-sen<\/a><a href=\"https:\/\/www.jkcarsteam.com\/wp-content\/uploads\/2022\/10\/RCH2022-SC2WD-sen.pdf\" class=\"wp-block-file__button\" download>St\u00e1hnout<\/a><\/div>\n\n\n\n<div data-wp-interactive=\"core\/file\" class=\"wp-block-file\"><object data-wp-bind--hidden=\"!state.hasPdfPreview\" hidden class=\"wp-block-file__embed\" data=\"https:\/\/www.jkcarsteam.com\/wp-content\/uploads\/2022\/10\/RCH2022-SC2WD.pdf\" type=\"application\/pdf\" style=\"width:100%;height:600px\" aria-label=\"Vlo\u017eit z Vlo\u017eit z RCH2022-SC2WD..\"><\/object><a href=\"https:\/\/www.jkcarsteam.com\/wp-content\/uploads\/2022\/10\/RCH2022-SC2WD.pdf\">RCH2022-SC2WD<\/a><a href=\"https:\/\/www.jkcarsteam.com\/wp-content\/uploads\/2022\/10\/RCH2022-SC2WD.pdf\" class=\"wp-block-file__button\" download>St\u00e1hnout<\/a><\/div>\n\n\n\n<div data-wp-interactive=\"core\/file\" class=\"wp-block-file\"><object data-wp-bind--hidden=\"!state.hasPdfPreview\" hidden class=\"wp-block-file__embed\" data=\"https:\/\/www.jkcarsteam.com\/wp-content\/uploads\/2022\/10\/RCH2022-SC4WD-jun.pdf\" type=\"application\/pdf\" style=\"width:100%;height:600px\" aria-label=\"Vlo\u017eit z Vlo\u017eit z RCH2022-SC4WD-jun..\"><\/object><a href=\"https:\/\/www.jkcarsteam.com\/wp-content\/uploads\/2022\/10\/RCH2022-SC4WD-jun.pdf\">RCH2022-SC4WD-jun<\/a><a href=\"https:\/\/www.jkcarsteam.com\/wp-content\/uploads\/2022\/10\/RCH2022-SC4WD-jun.pdf\" class=\"wp-block-file__button\" download>St\u00e1hnout<\/a><\/div>\n\n\n\n<div data-wp-interactive=\"core\/file\" class=\"wp-block-file\"><object data-wp-bind--hidden=\"!state.hasPdfPreview\" hidden class=\"wp-block-file__embed\" data=\"https:\/\/www.jkcarsteam.com\/wp-content\/uploads\/2022\/10\/RCH2022-SC4WD-sen.pdf\" type=\"application\/pdf\" style=\"width:100%;height:600px\" aria-label=\"Vlo\u017eit z Vlo\u017eit z RCH2022-SC4WD-sen..\"><\/object><a href=\"https:\/\/www.jkcarsteam.com\/wp-content\/uploads\/2022\/10\/RCH2022-SC4WD-sen.pdf\">RCH2022-SC4WD-sen<\/a><a href=\"https:\/\/www.jkcarsteam.com\/wp-content\/uploads\/2022\/10\/RCH2022-SC4WD-sen.pdf\" class=\"wp-block-file__button\" download>St\u00e1hnout<\/a><\/div>\n\n\n\n<div data-wp-interactive=\"core\/file\" class=\"wp-block-file\"><object data-wp-bind--hidden=\"!state.hasPdfPreview\" hidden class=\"wp-block-file__embed\" data=\"https:\/\/www.jkcarsteam.com\/wp-content\/uploads\/2022\/10\/RCH2022-SC4WD.pdf\" type=\"application\/pdf\" style=\"width:100%;height:600px\" aria-label=\"Vlo\u017eit z Vlo\u017eit z RCH2022-SC4WD..\"><\/object><a href=\"https:\/\/www.jkcarsteam.com\/wp-content\/uploads\/2022\/10\/RCH2022-SC4WD.pdf\">RCH2022-SC4WD<\/a><a href=\"https:\/\/www.jkcarsteam.com\/wp-content\/uploads\/2022\/10\/RCH2022-SC4WD.pdf\" class=\"wp-block-file__button\" download>St\u00e1hnout<\/a><\/div>\n","protected":false},"excerpt":{"rendered":"","protected":false},"author":1,"featured_media":0,"parent":1851,"menu_order":0,"comment_status":"closed","ping_status":"closed","template":"","meta":{"footnotes":""},"class_list":["post-2172","page","type-page","status-publish","hentry"],"_links":{"self":[{"href":"https:\/\/www.jkcarsteam.com\/index.php?rest_route=\/wp\/v2\/pages\/2172","targetHints":{"allow":["GET"]}}],"collection":[{"href":"https:\/\/www.jkcarsteam.com\/index.php?rest_route=\/wp\/v2\/pages"}],"about":[{"href":"https:\/\/www.jkcarsteam.com\/index.php?rest_route=\/wp\/v2\/types\/page"}],"author":[{"embeddable":true,"href":"https:\/\/www.jkcarsteam.com\/index.php?rest_route=\/wp\/v2\/users\/1"}],"replies":[{"embeddable":true,"href":"https:\/\/www.jkcarsteam.com\/index.php?rest_route=%2Fwp%2Fv2%2Fcomments&post=2172"}],"version-history":[{"count":1,"href":"https:\/\/www.jkcarsteam.com\/index.php?rest_route=\/wp\/v2\/pages\/2172\/revisions"}],"predecessor-version":[{"id":2191,"href":"https:\/\/www.jkcarsteam.com\/index.php?rest_route=\/wp\/v2\/pages\/2172\/revisions\/2191"}],"up":[{"embeddable":true,"href":"https:\/\/www.jkcarsteam.com\/index.php?rest_route=\/wp\/v2\/pages\/1851"}],"wp:attachment":[{"href":"https:\/\/www.jkcarsteam.com\/index.php?rest_route=%2Fwp%2Fv2%2Fmedia&parent=2172"}],"curies":[{"name":"wp","href":"https:\/\/api.w.org\/{rel}","templated":true}]}}