{"id":1529,"date":"2020-10-15T08:31:48","date_gmt":"2020-10-15T08:31:48","guid":{"rendered":"http:\/\/www.jkcarsteam.com\/?page_id=1529"},"modified":"2020-10-15T08:32:41","modified_gmt":"2020-10-15T08:32:41","slug":"konecne-vysledky-rchobbyracing-cup-2020","status":"publish","type":"page","link":"https:\/\/www.jkcarsteam.com\/?page_id=1529","title":{"rendered":"RCHOBBYRACING CUP 2020 &#8211; Kone\u010dn\u00e9 po\u0159ad\u00ed"},"content":{"rendered":"\n<div class=\"wp-block-file\"><a href=\"https:\/\/www.jkcarsteam.com\/wp-content\/uploads\/2020\/10\/rchobby-2020-1_8_E-jun.pdf\">rchobby-2020-1_8_E-jun<\/a><a href=\"https:\/\/www.jkcarsteam.com\/wp-content\/uploads\/2020\/10\/rchobby-2020-1_8_E-jun.pdf\" class=\"wp-block-file__button\" download>St\u00e1hnout<\/a><\/div>\n\n\n\n<div class=\"wp-block-file\"><a href=\"https:\/\/www.jkcarsteam.com\/wp-content\/uploads\/2020\/10\/rchobby-2020-1_8_E-sen.pdf\">rchobby-2020-1_8_E-sen<\/a><a href=\"https:\/\/www.jkcarsteam.com\/wp-content\/uploads\/2020\/10\/rchobby-2020-1_8_E-sen.pdf\" class=\"wp-block-file__button\" download>St\u00e1hnout<\/a><\/div>\n\n\n\n<div class=\"wp-block-file\"><a href=\"https:\/\/www.jkcarsteam.com\/wp-content\/uploads\/2020\/10\/rchobby-2020-1_8_E.pdf\">rchobby-2020-1_8_E<\/a><a href=\"https:\/\/www.jkcarsteam.com\/wp-content\/uploads\/2020\/10\/rchobby-2020-1_8_E.pdf\" class=\"wp-block-file__button\" download>St\u00e1hnout<\/a><\/div>\n\n\n\n<div class=\"wp-block-file\"><a href=\"https:\/\/www.jkcarsteam.com\/wp-content\/uploads\/2020\/10\/rchobby-2020-1_8_IC-jun.pdf\">rchobby-2020-1_8_IC-jun<\/a><a href=\"https:\/\/www.jkcarsteam.com\/wp-content\/uploads\/2020\/10\/rchobby-2020-1_8_IC-jun.pdf\" class=\"wp-block-file__button\" download>St\u00e1hnout<\/a><\/div>\n\n\n\n<div class=\"wp-block-file\"><a href=\"https:\/\/www.jkcarsteam.com\/wp-content\/uploads\/2020\/10\/rchobby-2020-1_8_IC-sen.pdf\">rchobby-2020-1_8_IC-sen<\/a><a href=\"https:\/\/www.jkcarsteam.com\/wp-content\/uploads\/2020\/10\/rchobby-2020-1_8_IC-sen.pdf\" class=\"wp-block-file__button\" download>St\u00e1hnout<\/a><\/div>\n\n\n\n<div class=\"wp-block-file\"><a href=\"https:\/\/www.jkcarsteam.com\/wp-content\/uploads\/2020\/10\/rchobby-2020-1_8_IC.pdf\">rchobby-2020-1_8_IC<\/a><a href=\"https:\/\/www.jkcarsteam.com\/wp-content\/uploads\/2020\/10\/rchobby-2020-1_8_IC.pdf\" class=\"wp-block-file__button\" download>St\u00e1hnout<\/a><\/div>\n\n\n\n<div class=\"wp-block-file\"><a href=\"https:\/\/www.jkcarsteam.com\/wp-content\/uploads\/2020\/10\/rchobby-2020-1_10_E_4WD-jun.pdf\">rchobby-2020-1_10_E_4WD-jun<\/a><a href=\"https:\/\/www.jkcarsteam.com\/wp-content\/uploads\/2020\/10\/rchobby-2020-1_10_E_4WD-jun.pdf\" class=\"wp-block-file__button\" download>St\u00e1hnout<\/a><\/div>\n\n\n\n<div class=\"wp-block-file\"><a href=\"https:\/\/www.jkcarsteam.com\/wp-content\/uploads\/2020\/10\/rchobby-2020-1_10_E_4WD-sen.pdf\">rchobby-2020-1_10_E_4WD-sen<\/a><a href=\"https:\/\/www.jkcarsteam.com\/wp-content\/uploads\/2020\/10\/rchobby-2020-1_10_E_4WD-sen.pdf\" class=\"wp-block-file__button\" download>St\u00e1hnout<\/a><\/div>\n\n\n\n<div class=\"wp-block-file\"><a href=\"https:\/\/www.jkcarsteam.com\/wp-content\/uploads\/2020\/10\/rchobby-2020-1_10_E_4WD.pdf\">rchobby-2020-1_10_E_4WD<\/a><a href=\"https:\/\/www.jkcarsteam.com\/wp-content\/uploads\/2020\/10\/rchobby-2020-1_10_E_4WD.pdf\" class=\"wp-block-file__button\" download>St\u00e1hnout<\/a><\/div>\n\n\n\n<div class=\"wp-block-file\"><a href=\"https:\/\/www.jkcarsteam.com\/wp-content\/uploads\/2020\/10\/rchobby-2020-1_10_SC_2WD-sen.pdf\">rchobby-2020-1_10_SC_2WD-sen<\/a><a href=\"https:\/\/www.jkcarsteam.com\/wp-content\/uploads\/2020\/10\/rchobby-2020-1_10_SC_2WD-sen.pdf\" class=\"wp-block-file__button\" download>St\u00e1hnout<\/a><\/div>\n\n\n\n<div class=\"wp-block-file\"><a href=\"https:\/\/www.jkcarsteam.com\/wp-content\/uploads\/2020\/10\/rchobby-2020-1_10_SC_2WD.pdf\">rchobby-2020-1_10_SC_2WD<\/a><a href=\"https:\/\/www.jkcarsteam.com\/wp-content\/uploads\/2020\/10\/rchobby-2020-1_10_SC_2WD.pdf\" class=\"wp-block-file__button\" download>St\u00e1hnout<\/a><\/div>\n\n\n\n<div class=\"wp-block-file\"><a href=\"https:\/\/www.jkcarsteam.com\/wp-content\/uploads\/2020\/10\/rchobby-2020-1_10_SC_4WD-jun.pdf\">rchobby-2020-1_10_SC_4WD-jun<\/a><a href=\"https:\/\/www.jkcarsteam.com\/wp-content\/uploads\/2020\/10\/rchobby-2020-1_10_SC_4WD-jun.pdf\" class=\"wp-block-file__button\" download>St\u00e1hnout<\/a><\/div>\n\n\n\n<div class=\"wp-block-file\"><a href=\"https:\/\/www.jkcarsteam.com\/wp-content\/uploads\/2020\/10\/rchobby-2020-1_10_SC_4WD-sen.pdf\">rchobby-2020-1_10_SC_4WD-sen<\/a><a href=\"https:\/\/www.jkcarsteam.com\/wp-content\/uploads\/2020\/10\/rchobby-2020-1_10_SC_4WD-sen.pdf\" class=\"wp-block-file__button\" download>St\u00e1hnout<\/a><\/div>\n\n\n\n<div class=\"wp-block-file\"><a href=\"https:\/\/www.jkcarsteam.com\/wp-content\/uploads\/2020\/10\/rchobby-2020-1_10_SC_4WD.pdf\">rchobby-2020-1_10_SC_4WD<\/a><a href=\"https:\/\/www.jkcarsteam.com\/wp-content\/uploads\/2020\/10\/rchobby-2020-1_10_SC_4WD.pdf\" class=\"wp-block-file__button\" download>St\u00e1hnout<\/a><\/div>\n\n\n\n<div class=\"wp-block-file\"><a href=\"https:\/\/www.jkcarsteam.com\/wp-content\/uploads\/2020\/10\/rchobby-2020-MT-jun.pdf\">rchobby-2020-MT-jun<\/a><a href=\"https:\/\/www.jkcarsteam.com\/wp-content\/uploads\/2020\/10\/rchobby-2020-MT-jun.pdf\" class=\"wp-block-file__button\" download>St\u00e1hnout<\/a><\/div>\n\n\n\n<div class=\"wp-block-file\"><a href=\"https:\/\/www.jkcarsteam.com\/wp-content\/uploads\/2020\/10\/rchobby-2020-MT-sen.pdf\">rchobby-2020-MT-sen<\/a><a href=\"https:\/\/www.jkcarsteam.com\/wp-content\/uploads\/2020\/10\/rchobby-2020-MT-sen.pdf\" class=\"wp-block-file__button\" download>St\u00e1hnout<\/a><\/div>\n\n\n\n<div class=\"wp-block-file\"><a href=\"https:\/\/www.jkcarsteam.com\/wp-content\/uploads\/2020\/10\/rchobby-2020-MT.pdf\">rchobby-2020-MT<\/a><a href=\"https:\/\/www.jkcarsteam.com\/wp-content\/uploads\/2020\/10\/rchobby-2020-MT.pdf\" class=\"wp-block-file__button\" download>St\u00e1hnout<\/a><\/div>\n\n\n\n<p><\/p>\n","protected":false},"excerpt":{"rendered":"","protected":false},"author":1,"featured_media":0,"parent":0,"menu_order":0,"comment_status":"closed","ping_status":"closed","template":"","meta":{"footnotes":""},"class_list":["post-1529","page","type-page","status-publish","hentry"],"_links":{"self":[{"href":"https:\/\/www.jkcarsteam.com\/index.php?rest_route=\/wp\/v2\/pages\/1529","targetHints":{"allow":["GET"]}}],"collection":[{"href":"https:\/\/www.jkcarsteam.com\/index.php?rest_route=\/wp\/v2\/pages"}],"about":[{"href":"https:\/\/www.jkcarsteam.com\/index.php?rest_route=\/wp\/v2\/types\/page"}],"author":[{"embeddable":true,"href":"https:\/\/www.jkcarsteam.com\/index.php?rest_route=\/wp\/v2\/users\/1"}],"replies":[{"embeddable":true,"href":"https:\/\/www.jkcarsteam.com\/index.php?rest_route=%2Fwp%2Fv2%2Fcomments&post=1529"}],"version-history":[{"count":2,"href":"https:\/\/www.jkcarsteam.com\/index.php?rest_route=\/wp\/v2\/pages\/1529\/revisions"}],"predecessor-version":[{"id":1549,"href":"https:\/\/www.jkcarsteam.com\/index.php?rest_route=\/wp\/v2\/pages\/1529\/revisions\/1549"}],"wp:attachment":[{"href":"https:\/\/www.jkcarsteam.com\/index.php?rest_route=%2Fwp%2Fv2%2Fmedia&parent=1529"}],"curies":[{"name":"wp","href":"https:\/\/api.w.org\/{rel}","templated":true}]}}